{"id":9,"date":"2015-02-10T19:21:19","date_gmt":"2015-02-10T19:21:19","guid":{"rendered":"http:\/\/avada.theme-fusion.com_demos\/architecture\/?page_id=9"},"modified":"2019-09-18T14:34:15","modified_gmt":"2019-09-18T13:34:15","slug":"about","status":"publish","type":"page","link":"https:\/\/adventuretourism.eu\/et\/about\/","title":{"rendered":"About"},"content":{"rendered":"<div class=\"fusion-fullwidth fullwidth-box fusion-builder-row-1 nonhundred-percent-fullwidth non-hundred-percent-height-scrolling\" style=\"background-color: rgba(255,255,255,0);background-position: left top;background-repeat: no-repeat;padding-top:150px;padding-right:0px;padding-bottom:0px;padding-left:0px;margin-bottom: 0px;margin-top: 0px;border-width: 0px 0px 0px 0px;border-color:#eae9e9;border-style:solid;\" ><div class=\"fusion-builder-row fusion-row\"><div class=\"fusion-layout-column fusion_builder_column fusion-builder-column-0 fusion_builder_column_1_2 1_2 fusion-one-half fusion-column-first\" style=\"width:48%; margin-right: 4%;margin-top:0px;margin-bottom:20px;\"><div class=\"fusion-column-wrapper fusion-flex-column-wrapper-legacy\" style=\"background-position:left top;background-repeat:no-repeat;-webkit-background-size:cover;-moz-background-size:cover;-o-background-size:cover;background-size:cover;padding: 0px 0px 0px 0px;\"><div class=\"fusion-text fusion-text-1\"><h2>PROJEKTIST<\/h2>\n<\/div><div class=\"fusion-sep-clear\"><\/div><div class=\"fusion-separator fusion-clearfix\" style=\"float:left;margin-top:0px;margin-bottom:35px;width:100%;max-width:170px;\"><div class=\"fusion-separator-border sep-single sep-solid\" style=\"border-color:#e2e3e8;border-top-width:3px;\"><\/div><\/div><div class=\"fusion-sep-clear\"><\/div><div class=\"fusion-text fusion-text-2\"><h3><em>Seiklusturism on laialdaselt tunnustatud ja samas v\u00f5imas s\u00e4\u00e4stvat arengut edendav v\u00f5imalus maapiirkondades ja majanduslikel \u00e4\u00e4realadel luues tingimusi mitmek\u00fclgseks t\u00f6\u00f6h\u00f5iveks ja t\u00f6\u00f6kohtade kasvuks, ning pakkudes tugevaid stiimuleid looduskeskkonna s\u00e4ilitamiseks.<\/em><\/h3>\n<\/div><div class=\"fusion-text fusion-text-3\"><p>Majandusliku kasvu kui eesm\u00e4rgi saavutamiseks seiklusturismi t\u00f6\u00f6stuses, tuleb p\u00f6\u00f6rata t\u00e4helepanu mitmesuguste oskuste arendamise vajadusele, sealhulgas: juhtimine ja eestvedamine; kvaliteetsete kliendikogemuste v\u00f5imaldamine; ning asjakohase v\u00e4lja\u00f5ppe k\u00e4ttesaadavuse tagamine. Seiklusturismil on muutusi esile kutsuv potentsiaal, eriti nende riikide jaoks, keda piiravad struktuurilised n\u00f5rkused ja ebasoodsad tingimused tulenevalt nende geograafilisest asukohast, nende hulgas ka AVIP partnerid \u0160otimaal, Eestis, Iirimaal ja Bulgaarias.<\/p>\n<\/div><div class=\"fusion-clearfix\"><\/div><\/div><\/div><div class=\"fusion-layout-column fusion_builder_column fusion-builder-column-1 fusion_builder_column_1_2 1_2 fusion-one-half fusion-column-last\" style=\"width:48%;margin-top:0px;margin-bottom:20px;\"><div class=\"fusion-column-wrapper fusion-flex-column-wrapper-legacy\" style=\"background-position:left top;background-repeat:no-repeat;-webkit-background-size:cover;-moz-background-size:cover;-o-background-size:cover;background-size:cover;padding: 0px 0px 0px 0px;\"><span class=\" fusion-imageframe imageframe-none imageframe-1 hover-type-zoomin fusion-animated\" data-animationType=\"fadeInDown\" data-animationDuration=\"1.0\" data-animationOffset=\"100%\"><img width=\"800\" height=\"541\" title=\"7\" src=\"http:\/\/adventuretourism.eu\/et\/wp-content\/uploads\/2015\/02\/7.jpg\" class=\"img-responsive wp-image-11662\" srcset=\"https:\/\/adventuretourism.eu\/et\/wp-content\/uploads\/2015\/02\/7-200x135.jpg 200w, https:\/\/adventuretourism.eu\/et\/wp-content\/uploads\/2015\/02\/7-400x271.jpg 400w, https:\/\/adventuretourism.eu\/et\/wp-content\/uploads\/2015\/02\/7-600x406.jpg 600w, https:\/\/adventuretourism.eu\/et\/wp-content\/uploads\/2015\/02\/7.jpg 800w\" sizes=\"(max-width: 800px) 100vw, 600px\" \/><\/span><div class=\"fusion-sep-clear\"><\/div><div class=\"fusion-separator fusion-full-width-sep\" style=\"margin-left: auto;margin-right: auto;margin-top:40px;width:100%;\"><\/div><div class=\"fusion-sep-clear\"><\/div><div class=\"fusion-text fusion-text-4\"><p><em>&#8220;Me ei tohiks eba\u00f5iglaselt teha vahet kutsehariduse ja akadeemilise hariduse \u00f5piv\u00f5imaluste vahel&#8221;. <\/em>AVIP tegeleb selle v\u00e4ljakutsega k\u00f5rghariduses: innovatsioonialase partnerluse ja uute paindlike \u00f5ppimisviise arendavate mudelite v\u00e4ljat\u00f6\u00f6tamisega, mis on kohandatud digitaalsete ja innovatsioonialaste oskuste rahuldamiseks. Eesm\u00e4rgiks ikka v\u00f5imaldada ettev\u00f5tetel kiirelt reageerida seikluseturismi majanduskasvu v\u00f5imalustele.<\/p>\n<\/div><div class=\"fusion-clearfix\"><\/div><\/div><\/div><\/div><\/div><div class=\"fusion-fullwidth fullwidth-box fusion-builder-row-2 nonhundred-percent-fullwidth non-hundred-percent-height-scrolling\" style=\"background-color: rgba(255,255,255,0);background-position: left top;background-repeat: no-repeat;padding-top:150px;padding-right:0px;padding-bottom:0px;padding-left:0px;margin-bottom: 0px;margin-top: 0px;border-width: 0px 0px 0px 0px;border-color:#eae9e9;border-style:solid;\" ><div class=\"fusion-builder-row fusion-row\"><div class=\"fusion-layout-column fusion_builder_column fusion-builder-column-2 fusion_builder_column_1_3 1_3 fusion-one-third fusion-column-first\" style=\"width:30.6666%; margin-right: 4%;margin-top:0px;margin-bottom:0px;\"><div class=\"fusion-column-wrapper fusion-flex-column-wrapper-legacy\" style=\"background-position:right center;background-repeat:no-repeat;-webkit-background-size:cover;-moz-background-size:cover;-o-background-size:cover;background-size:cover;border-right:3px solid #e0dede;padding: 0px 0px 0px 0px;\"><div class=\"fusion-text fusion-text-5\"><h2>PROJEKTI M\u00d5JU<\/h2>\n<\/div><div class=\"fusion-clearfix\"><\/div><\/div><\/div><div class=\"fusion-layout-column fusion_builder_column fusion-builder-column-3 fusion_builder_column_2_3 2_3 fusion-two-third fusion-column-last\" style=\"width:65.3333%;margin-top:0px;margin-bottom:100px;\"><div class=\"fusion-column-wrapper fusion-flex-column-wrapper-legacy\" style=\"background-position:left top;background-repeat:no-repeat;-webkit-background-size:cover;-moz-background-size:cover;-o-background-size:cover;background-size:cover;padding: 0px 0px 0px 0px;\"><div class=\"fusion-text fusion-text-6\"><h4><em>Meie p\u00f5hir\u00f5hk on haridus- ja koolitusprogrammide arendamisel seiklusturismi sektoris t\u00f6\u00f6tavate noorte ja t\u00e4iskasvanute erialase p\u00e4devuse tugevdamiseks. Projekti v\u00e4ljundite hulka kuuluvad innovaatilised \u00f5ppemoodulid, mis on suunatud nii t\u00f6\u00f6tavatele praktikutele kui ka \u00f5pilastele. Luuakse kultuuridevahelisi foorumeid, et tagada selline riikidevaheline partnerlus, mis toob kokku ja \u00fchendab teadmisi, kogemusi, vahendeid. Projekt aitab v\u00e4ikese ja keskmise suurusega ettev\u00f5tetel kaasajastada end turunduse ja digitaalsete tehnoloogiate alal. \u00d5ppijad omandavad t\u00f5husad digitaalse turunduse l\u00e4biviimiseks vajalikud tehnilised oskused, samuti ettev\u00f5tluse ja ettev\u00f5tete kasvu jaoks kriitilise t\u00e4htsusega tootearendus alased oskused. <\/em><\/h4>\n<\/div><div class=\"fusion-clearfix\"><\/div><\/div><\/div><\/div><\/div><div class=\"fusion-bg-parallax\" data-bg-align=\"left top\" data-direction=\"up\" data-mute=\"false\" data-opacity=\"100\" data-velocity=\"-0.3\" data-mobile-enabled=\"false\" data-break_parents=\"0\" data-bg-image=\"http:\/\/adventuretourism.eu\/et\/wp-content\/uploads\/2015\/05\/cube.jpg\" data-bg-repeat=\"false\" ><\/div><div class=\"fusion-fullwidth fullwidth-box fusion-builder-row-3 fusion-parallax-up nonhundred-percent-fullwidth non-hundred-percent-height-scrolling fusion-equal-height-columns\" style=\"background-color: rgba(255,255,255,0);background-image: url(&quot;http:\/\/adventuretourism.eu\/et\/wp-content\/uploads\/2015\/05\/cube.jpg&quot;);background-position: left top;background-repeat: no-repeat;padding-top:150px;padding-right:0px;padding-bottom:150px;padding-left:0px;margin-bottom: 0px;margin-top: 0px;border-width: 0px 0px 0px 0px;border-color:#eae9e9;border-style:solid;-webkit-background-size:cover;-moz-background-size:cover;-o-background-size:cover;background-size:cover;\" ><div class=\"fusion-builder-row fusion-row\"><div class=\"fusion-layout-column fusion_builder_column fusion-builder-column-4 fusion_builder_column_1_2 1_2 fusion-one-half fusion-column-first\" style=\"width:48%; margin-right: 4%;margin-top:0px;margin-bottom:0px;\"><div class=\"fusion-column-wrapper fusion-flex-column-wrapper-legacy\" style=\"background-position:left top;background-repeat:no-repeat;-webkit-background-size:cover;-moz-background-size:cover;-o-background-size:cover;background-size:cover;background-color:#ffffff;padding: 20px 20px 20px 20px;\"><div class=\"fusion-column-content-centered\"><div class=\"fusion-column-content\"><span class=\" fusion-imageframe imageframe-none imageframe-2 hover-type-none\"><a class=\"fusion-no-lightbox\" href=\"http:\/\/www.uhi.ac.uk\" target=\"_blank\" aria-label=\"6-WHC_UHI_Bi_Logo\" rel=\"noopener noreferrer\"><img width=\"440\" height=\"61\" src=\"http:\/\/adventuretourism.eu\/et\/wp-content\/uploads\/2015\/02\/6-WHC_UHI_Bi_Logo.jpg\" class=\"img-responsive wp-image-11689\" srcset=\"https:\/\/adventuretourism.eu\/et\/wp-content\/uploads\/2015\/02\/6-WHC_UHI_Bi_Logo-200x28.jpg 200w, https:\/\/adventuretourism.eu\/et\/wp-content\/uploads\/2015\/02\/6-WHC_UHI_Bi_Logo-400x55.jpg 400w, https:\/\/adventuretourism.eu\/et\/wp-content\/uploads\/2015\/02\/6-WHC_UHI_Bi_Logo.jpg 440w\" sizes=\"(max-width: 800px) 100vw, 440px\" \/><\/a><\/span><div class=\"fusion-sep-clear\"><\/div><div class=\"fusion-separator fusion-full-width-sep\" style=\"margin-left: auto;margin-right: auto;margin-top:15px;width:100%;\"><\/div><div class=\"fusion-sep-clear\"><\/div><div class=\"fusion-builder-row fusion-builder-row-inner fusion-row\"><div class=\"fusion-layout-column fusion_builder_column_inner fusion-builder-nested-column-0 fusion_builder_column_inner_1_2 1_2 fusion-one-half fusion-column-first\" style=\"width:50%;width:calc(50% - ( ( 0px ) * 0.5 ) );margin-right: 0px;margin-top:0px;margin-bottom:20px;\"><div class=\"fusion-column-wrapper fusion-flex-column-wrapper-legacy\" style=\"background-position:left top;background-repeat:no-repeat;-webkit-background-size:cover;-moz-background-size:cover;-o-background-size:cover;background-size:cover;padding: 0px 0px 0px 0px;\"><span class=\" fusion-imageframe imageframe-none imageframe-3 hover-type-none\"><a class=\"fusion-no-lightbox\" href=\"http:\/\/euei.dk\" target=\"_blank\" aria-label=\"1-EUEI_logos-01\" rel=\"noopener noreferrer\"><img width=\"220\" height=\"53\" src=\"http:\/\/adventuretourism.eu\/et\/wp-content\/uploads\/2015\/02\/1-EUEI_logos-01.jpg\" class=\"img-responsive wp-image-11684\" srcset=\"https:\/\/adventuretourism.eu\/et\/wp-content\/uploads\/2015\/02\/1-EUEI_logos-01-200x48.jpg 200w, https:\/\/adventuretourism.eu\/et\/wp-content\/uploads\/2015\/02\/1-EUEI_logos-01.jpg 220w\" sizes=\"(max-width: 800px) 100vw, 220px\" \/><\/a><\/span><div class=\"fusion-sep-clear\"><\/div><div class=\"fusion-separator fusion-full-width-sep\" style=\"margin-left: auto;margin-right: auto;margin-top:10px;width:100%;\"><\/div><div class=\"fusion-sep-clear\"><\/div><span class=\" fusion-imageframe imageframe-none imageframe-4 hover-type-none\"><a class=\"fusion-no-lightbox\" href=\"http:\/\/www.lochaberchamber.co.uk\" target=\"_blank\" aria-label=\"2-Lochaber-Chamber-Logo\" rel=\"noopener noreferrer\"><img width=\"220\" height=\"102\" src=\"http:\/\/adventuretourism.eu\/et\/wp-content\/uploads\/2015\/02\/2-Lochaber-Chamber-Logo.jpg\" class=\"img-responsive wp-image-11685\" srcset=\"https:\/\/adventuretourism.eu\/et\/wp-content\/uploads\/2015\/02\/2-Lochaber-Chamber-Logo-200x93.jpg 200w, https:\/\/adventuretourism.eu\/et\/wp-content\/uploads\/2015\/02\/2-Lochaber-Chamber-Logo.jpg 220w\" sizes=\"(max-width: 800px) 100vw, 220px\" \/><\/a><\/span><div class=\"fusion-clearfix\"><\/div><\/div><\/div><div class=\"fusion-layout-column fusion_builder_column_inner fusion-builder-nested-column-1 fusion_builder_column_inner_1_2 1_2 fusion-one-half fusion-column-last\" style=\"width:50%;width:calc(50% - ( ( 0px ) * 0.5 ) );margin-top:0px;margin-bottom:20px;\"><div class=\"fusion-column-wrapper fusion-flex-column-wrapper-legacy\" style=\"background-position:left top;background-repeat:no-repeat;-webkit-background-size:cover;-moz-background-size:cover;-o-background-size:cover;background-size:cover;padding: 0px 0px 0px 0px;\"><span class=\" fusion-imageframe imageframe-none imageframe-5 hover-type-none\"><a class=\"fusion-no-lightbox\" href=\"http:\/\/www.tlu.ee\" target=\"_blank\" aria-label=\"4-LTI-eng-A3\" rel=\"noopener noreferrer\"><img width=\"220\" height=\"68\" src=\"http:\/\/adventuretourism.eu\/et\/wp-content\/uploads\/2015\/02\/4-LTI-eng-A3.jpg\" class=\"img-responsive wp-image-11687\" srcset=\"https:\/\/adventuretourism.eu\/et\/wp-content\/uploads\/2015\/02\/4-LTI-eng-A3-200x62.jpg 200w, https:\/\/adventuretourism.eu\/et\/wp-content\/uploads\/2015\/02\/4-LTI-eng-A3.jpg 220w\" sizes=\"(max-width: 800px) 100vw, 220px\" \/><\/a><\/span><div class=\"imageframe-align-center\"><span class=\" fusion-imageframe imageframe-none imageframe-6 hover-type-none\"><a class=\"fusion-no-lightbox\" href=\"http:\/\/www.vct-bg.org\" target=\"_blank\" aria-label=\"3-logo-VTK\" rel=\"noopener noreferrer\"><img width=\"139\" height=\"90\" src=\"http:\/\/adventuretourism.eu\/et\/wp-content\/uploads\/2015\/02\/3-logo-VTK.png\" class=\"img-responsive wp-image-11686\"\/><\/a><\/span><\/div><span class=\" fusion-imageframe imageframe-none imageframe-7 hover-type-none\"><a class=\"fusion-no-lightbox\" href=\"http:\/\/www.momentumconsulting.ie\/\" target=\"_blank\" aria-label=\"logos_05\" rel=\"noopener noreferrer\"><img width=\"223\" height=\"77\" src=\"http:\/\/adventuretourism.eu\/et\/wp-content\/uploads\/2015\/02\/logos_05.jpg\" class=\"img-responsive wp-image-11622\" srcset=\"https:\/\/adventuretourism.eu\/et\/wp-content\/uploads\/2015\/02\/logos_05-200x69.jpg 200w, https:\/\/adventuretourism.eu\/et\/wp-content\/uploads\/2015\/02\/logos_05.jpg 223w\" sizes=\"(max-width: 800px) 100vw, 223px\" \/><\/a><\/span><div class=\"fusion-clearfix\"><\/div><\/div><\/div><\/div><\/div><\/div><div class=\"fusion-clearfix\"><\/div><\/div><\/div><div class=\"fusion-layout-column fusion_builder_column fusion-builder-column-5 fusion_builder_column_1_2 1_2 fusion-one-half fusion-column-last\" style=\"width:48%;margin-top:0px;margin-bottom:20px;\"><div class=\"fusion-column-wrapper fusion-flex-column-wrapper-legacy\" style=\"background-position:left top;background-repeat:no-repeat;-webkit-background-size:cover;-moz-background-size:cover;-o-background-size:cover;background-size:cover;padding: 0px 0px 0px 0px;\"><span class=\" fusion-imageframe imageframe-none imageframe-8 hover-type-zoomin fusion-animated\" data-animationType=\"fadeInDown\" data-animationDuration=\"1.0\" data-animationOffset=\"100%\"><img src=\"http:\/\/adventuretourism.eu\/et\/wp-content\/uploads\/2015\/02\/portfolio8.jpg\" class=\"img-responsive\"\/><\/span><div class=\"fusion-clearfix\"><\/div><\/div><\/div><\/div><\/div>\n","protected":false},"excerpt":{"rendered":"PROJEKTIST Seiklusturism on laialdaselt tunnustatud ja samas v\u00f5imas s\u00e4\u00e4stvat arengut edendav v\u00f5imalus maapiirkondades ja majanduslikel \u00e4\u00e4realadel luues tingimusi mitmek\u00fclgseks t\u00f6\u00f6h\u00f5iveks ja t\u00f6\u00f6kohtade kasvuks, ning pakkudes tugevaid stiimuleid looduskeskkonna s\u00e4ilitamiseks. Majandusliku kasvu kui eesm\u00e4rgi saavutamiseks seiklusturismi t\u00f6\u00f6stuses, tuleb p\u00f6\u00f6rata t\u00e4helepanu mitmesuguste oskuste arendamise vajadusele, sealhulgas: juhtimine ja eestvedamine; kvaliteetsete kliendikogemuste v\u00f5imaldamine; ning asjakohase v\u00e4lja\u00f5ppe k\u00e4ttesaadavuse tagamine. [...]","protected":false},"author":1,"featured_media":0,"parent":0,"menu_order":0,"comment_status":"closed","ping_status":"open","template":"100-width.php","meta":[],"acf":[],"_links":{"self":[{"href":"https:\/\/adventuretourism.eu\/et\/wp-json\/wp\/v2\/pages\/9"}],"collection":[{"href":"https:\/\/adventuretourism.eu\/et\/wp-json\/wp\/v2\/pages"}],"about":[{"href":"https:\/\/adventuretourism.eu\/et\/wp-json\/wp\/v2\/types\/page"}],"author":[{"embeddable":true,"href":"https:\/\/adventuretourism.eu\/et\/wp-json\/wp\/v2\/users\/1"}],"replies":[{"embeddable":true,"href":"https:\/\/adventuretourism.eu\/et\/wp-json\/wp\/v2\/comments?post=9"}],"version-history":[{"count":32,"href":"https:\/\/adventuretourism.eu\/et\/wp-json\/wp\/v2\/pages\/9\/revisions"}],"predecessor-version":[{"id":12912,"href":"https:\/\/adventuretourism.eu\/et\/wp-json\/wp\/v2\/pages\/9\/revisions\/12912"}],"wp:attachment":[{"href":"https:\/\/adventuretourism.eu\/et\/wp-json\/wp\/v2\/media?parent=9"}],"curies":[{"name":"wp","href":"https:\/\/api.w.org\/{rel}","templated":true}]}}