{"id":7,"date":"2015-02-10T19:21:05","date_gmt":"2015-02-10T19:21:05","guid":{"rendered":"http:\/\/avada.theme-fusion.com_demos\/architecture\/?page_id=7"},"modified":"2018-02-26T16:55:53","modified_gmt":"2018-02-26T16:55:53","slug":"home","status":"publish","type":"page","link":"https:\/\/adventuretourism.eu\/et\/","title":{"rendered":"Home"},"content":{"rendered":"<div id=\"#project\"><div class=\"fusion-fullwidth fullwidth-box fusion-builder-row-1 nonhundred-percent-fullwidth non-hundred-percent-height-scrolling\" style=\"background-color: rgba(255,255,255,0);background-position: left top;background-repeat: no-repeat;padding-top:150px;padding-right:0px;padding-bottom:105px;padding-left:0px;margin-bottom: 0px;margin-top: 0px;border-width: 0px 0px 0px 0px;border-color:#eae9e9;border-style:solid;\" ><div class=\"fusion-builder-row fusion-row\"><div class=\"fusion-layout-column fusion_builder_column fusion-builder-column-0 fusion_builder_column_1_3 1_3 fusion-one-third fusion-column-first\" style=\"width:30.6666%; margin-right: 4%;margin-top:0px;margin-bottom:40px;\"><div class=\"fusion-column-wrapper fusion-flex-column-wrapper-legacy\" style=\"background-position:left top;background-repeat:no-repeat;-webkit-background-size:cover;-moz-background-size:cover;-o-background-size:cover;background-size:cover;padding: 0px 0px 0px 0px;\"><div class=\"fusion-text fusion-text-1\"><h2>MEIE PROJEKT<\/h2>\n<\/div><div class=\"fusion-sep-clear\"><\/div><div class=\"fusion-separator fusion-clearfix\" style=\"float:left;margin-top:0px;margin-bottom:35px;width:100%;max-width:170px;\"><div class=\"fusion-separator-border sep-single sep-solid\" style=\"border-color:#e2e3e8;border-top-width:3px;\"><\/div><\/div><div class=\"fusion-sep-clear\"><\/div><div class=\"fusion-text fusion-text-2\"><h3><em>Me paneme aluse Innovatsioonialasele Partnerlusele, mille \u00fclesandeks on v\u00e4lja t\u00f6\u00f6tada paindlikke \u00f5ppimisv\u00f5imalusi ja \u2013vahendeid. Soovime pakkuda ettev\u00f5tetele v\u00f5imalust oma seiklusturismialase suutlikkuse kasvatamiseks olemasolevaid v\u00f5imalusi \u00e4ra kasutades.<\/em><\/h3>\n<\/div><div class=\"fusion-clearfix\"><\/div><\/div><\/div><div class=\"fusion-layout-column fusion_builder_column fusion-builder-column-1 fusion_builder_column_1_3 1_3 fusion-one-third\" style=\"width:30.6666%; margin-right: 4%;margin-top:0px;margin-bottom:0px;\"><div class=\"fusion-column-wrapper fusion-flex-column-wrapper-legacy\" style=\"background-position:left top;background-repeat:no-repeat;-webkit-background-size:cover;-moz-background-size:cover;-o-background-size:cover;background-size:cover;padding: 0px 0px 0px 0px;\"><span class=\" fusion-imageframe imageframe-none imageframe-1 hover-type-zoomin\"><a href=\"http:\/\/adventuretourism.eu\/et\/wp-content\/uploads\/2015\/02\/2.jpg\" class=\"fusion-lightbox\" data-rel=\"iLightbox[c4fe54db701052a7a64]\" data-title=\"2\" title=\"2\"><img width=\"356\" height=\"250\" src=\"http:\/\/adventuretourism.eu\/et\/wp-content\/uploads\/2015\/02\/2.jpg\" class=\"img-responsive wp-image-11634\" srcset=\"https:\/\/adventuretourism.eu\/et\/wp-content\/uploads\/2015\/02\/2-200x140.jpg 200w, https:\/\/adventuretourism.eu\/et\/wp-content\/uploads\/2015\/02\/2.jpg 356w\" sizes=\"(max-width: 800px) 100vw, 356px\" \/><\/a><\/span><div class=\"fusion-sep-clear\"><\/div><div class=\"fusion-separator fusion-full-width-sep fusion-clearfix\" style=\"float:left;margin-top:10px;margin-bottom:10px;width:100%;\"><\/div><div class=\"fusion-sep-clear\"><\/div><div class=\"fusion-text fusion-text-3\"><p><em>Adventure Tourism Innovation Partnerships<\/em> (<em>AVIP<\/em>) projekti eesm\u00e4rk on pakkuda kvaliteetseid ja asjakohaseid teadmisi ja oskusi, mis aitavad s\u00e4ilitada k\u00f5rge kvalifikatsiooniga personali maapiirkondades. Projekt toetab SMART (\u201cTarga t\u00f6\u00f6\u201d) t\u00f6\u00f6kohtade kasvu, et stimuleerida piirkondlikku seiklusturismiga seotud ettev\u00f5tlust ja ettev\u00f5tete j\u00f5udlust.<\/p>\n<\/div><div class=\"fusion-clearfix\"><\/div><\/div><\/div><div class=\"fusion-layout-column fusion_builder_column fusion-builder-column-2 fusion_builder_column_1_3 1_3 fusion-one-third fusion-column-last\" style=\"width:30.6666%;margin-top:0px;margin-bottom:20px;\"><div class=\"fusion-column-wrapper fusion-flex-column-wrapper-legacy\" style=\"background-position:left top;background-repeat:no-repeat;-webkit-background-size:cover;-moz-background-size:cover;-o-background-size:cover;background-size:cover;padding: 0px 0px 0px 0px;\"><div class=\"fusion-text fusion-text-4\"><p>Arvestades piirkondlikke teadmiste ja oskuste puuduj\u00e4\u00e4ke, pakuvad paindlikud ja kergesti k\u00e4ttesaadavat \u00f5ppimisv\u00f5imalused ja \u2013vahendid nii ettev\u00f5tjatetele, valdkonnas t\u00f6\u00f6tavatele inimestele kui ka \u00f5pilastele k\u00f5rghariduse tasemel teadmiste ja oskuste omandamise v\u00f5imalusi. Suuremat r\u00f5hku asetatakse digitaalse p\u00e4devuse ja ettev\u00f5tlusv\u00f5ime suurendamisele, et rahuldada muutuvaid vajadusi seikluseturismi t\u00f6\u00f6stuses.<\/p>\n<p>AVIP projekt on ajas muutuv ning reageerib j\u00e4tkusuutliku turismi \u00fcmberkujunenud muutustele. AVIP projektil on oluline roll k\u00f5rgkooli l\u00f5petajate, ettev\u00f5tjate, eriti v\u00e4ikese- ja kesmise suurusega ettev\u00f5tete t\u00f6\u00f6tajate seiklusturismialase p\u00e4devuse kujunemisel.<\/p>\n<p>Seda projekti on rahastatud Euroopa Komisjoni toetusel. K\u00e4esoleva v\u00e4ljaande (teatis) eest vastutab ainuisikuliselt projekti vastutav t\u00e4itja ja Euroopa Komisjon ei v\u00f5ta endale vastutust selles sisalduva teabe kasutamise eest.<\/p>\n<\/div><div class=\"fusion-clearfix\"><\/div><\/div><\/div><\/div><\/div><\/div><div class=\"fusion-bg-parallax\" data-bg-align=\"center center\" data-direction=\"left\" data-mute=\"false\" data-opacity=\"100\" data-velocity=\"-0.7\" data-mobile-enabled=\"false\" data-break_parents=\"0\" data-bg-image=\"http:\/\/adventuretourism.eu\/et\/wp-content\/uploads\/2015\/02\/about-1.jpg\" data-bg-repeat=\"false\" ><\/div><div class=\"fusion-fullwidth fullwidth-box fusion-builder-row-2 fusion-parallax-left nonhundred-percent-fullwidth non-hundred-percent-height-scrolling\" style=\"background-color: rgba(255,255,255,0);background-image: url(&quot;http:\/\/adventuretourism.eu\/et\/wp-content\/uploads\/2015\/02\/about-1.jpg&quot;);background-position: center center;background-repeat: no-repeat;padding-top:200px;padding-right:0px;padding-bottom:200px;padding-left:0px;margin-bottom: 0px;margin-top: 0px;border-width: 0px 0px 0px 0px;border-color:transparent;border-style:solid;-webkit-background-size:cover;-moz-background-size:cover;-o-background-size:cover;background-size:cover;\" ><div class=\"fusion-builder-row fusion-row\"><div class=\"fusion-layout-column fusion_builder_column fusion-builder-column-3 fusion_builder_column_1_1 1_1 fusion-one-full fusion-column-first fusion-column-last fusion-column-no-min-height fusion-column-inner-bg-wrapper\" style=\"margin-top:0px;margin-bottom:0px;\"><div class=\"fusion-column-wrapper fusion-flex-column-wrapper-legacy\" style=\"padding: 0px 0px 0px 0px;\"><div class=\"fusion-text fusion-text-5\"><h4><span style=\"color: #ffffff; font-size: 30px; letter-spacing: 2px;\">PROJEKTIST<\/span><\/h4>\n<\/div><div class=\"fusion-clearfix\"><\/div><\/div><span class=\"fusion-column-inner-bg hover-type-none\"><a href=\"http:\/\/adventuretourism.eu\/et\/?page_id=9\"><span class=\"fusion-column-inner-bg-image\" style=\"background-position:left top;background-repeat:no-repeat;-webkit-background-size:cover;-moz-background-size:cover;-o-background-size:cover;background-size:cover;\"><\/span><\/a><\/span><\/div><\/div><\/div><div class=\"fusion-bg-parallax\" data-bg-align=\"center center\" data-direction=\"right\" data-mute=\"false\" data-opacity=\"100\" data-velocity=\"-0.7\" data-mobile-enabled=\"false\" data-break_parents=\"0\" data-bg-image=\"http:\/\/adventuretourism.eu\/et\/wp-content\/uploads\/2015\/02\/team-2.jpg\" data-bg-repeat=\"false\" ><\/div><div class=\"fusion-fullwidth fullwidth-box fusion-builder-row-3 fusion-parallax-right nonhundred-percent-fullwidth non-hundred-percent-height-scrolling\" style=\"background-color: rgba(255,255,255,0);background-image: url(&quot;http:\/\/adventuretourism.eu\/et\/wp-content\/uploads\/2015\/02\/team-2.jpg&quot;);background-position: center center;background-repeat: no-repeat;padding-top:200px;padding-right:0px;padding-bottom:200px;padding-left:0px;margin-bottom: 0px;margin-top: 0px;border-width: 0px 0px 0px 0px;border-color:transparent;border-style:solid;-webkit-background-size:cover;-moz-background-size:cover;-o-background-size:cover;background-size:cover;\" ><div class=\"fusion-builder-row fusion-row\"><div class=\"fusion-layout-column fusion_builder_column fusion-builder-column-4 fusion_builder_column_1_1 1_1 fusion-one-full fusion-column-first fusion-column-last fusion-column-no-min-height fusion-column-inner-bg-wrapper\" style=\"margin-top:0px;margin-bottom:0px;\"><div class=\"fusion-column-wrapper fusion-flex-column-wrapper-legacy\" style=\"padding: 0px 0px 0px 0px;\"><div class=\"fusion-text fusion-text-6\"><h4><span style=\"color: #ffffff; font-size: 30px; letter-spacing: 2px;\">PARTNERID<\/span><\/h4>\n<\/div><div class=\"fusion-clearfix\"><\/div><\/div><span class=\"fusion-column-inner-bg hover-type-none\"><a href=\"http:\/\/adventuretourism.eu\/et\/the-team\/\"><span class=\"fusion-column-inner-bg-image\" style=\"background-position:left top;background-repeat:no-repeat;-webkit-background-size:cover;-moz-background-size:cover;-o-background-size:cover;background-size:cover;\"><\/span><\/a><\/span><\/div><\/div><\/div><div class=\"fusion-fullwidth fullwidth-box fusion-builder-row-4 hundred-percent-fullwidth non-hundred-percent-height-scrolling\" style=\"background-color: rgba(255,255,255,0);background-position: center center;background-repeat: no-repeat;padding-top:0px;padding-right:0px;padding-bottom:0px;padding-left:0px;margin-bottom: 0px;margin-top: -5px;border-width: 0px 0px 0px 0px;border-color:#eae9e9;border-style:solid;\" ><div class=\"fusion-builder-row fusion-row\"><div class=\"fusion-layout-column fusion_builder_column fusion-builder-column-5 fusion_builder_column_1_1 1_1 fusion-one-full fusion-column-first fusion-column-last fusion-column-no-min-height\" style=\"margin-top:0px;margin-bottom:0px;\"><div class=\"fusion-column-wrapper fusion-flex-column-wrapper-legacy\" style=\"background-position:left top;background-repeat:no-repeat;-webkit-background-size:cover;-moz-background-size:cover;-o-background-size:cover;background-size:cover;padding: 0px 0px 0px 0px;\"><div class=\"fusion-sep-clear\"><\/div><div class=\"fusion-separator fusion-full-width-sep fusion-clearfix\" style=\"float:left;width:100%;\"><\/div><div class=\"fusion-sep-clear\"><\/div><div class=\"fusion-clearfix\"><\/div><\/div><\/div><\/div><style type=\"text\/css\">.fusion-fullwidth.fusion-builder-row-4 { overflow:visible; }<\/style><\/div><div class=\"fusion-bg-parallax\" data-bg-align=\"center center\" data-direction=\"left\" data-mute=\"false\" data-opacity=\"100\" data-velocity=\"-0.7\" data-mobile-enabled=\"false\" data-break_parents=\"0\" data-bg-image=\"http:\/\/adventuretourism.eu\/et\/wp-content\/uploads\/2015\/02\/learning-portal.jpg\" data-bg-repeat=\"false\" ><\/div><div class=\"fusion-fullwidth fullwidth-box fusion-builder-row-5 fusion-parallax-left nonhundred-percent-fullwidth non-hundred-percent-height-scrolling\" style=\"background-color: rgba(255,255,255,0);background-image: url(&quot;http:\/\/adventuretourism.eu\/et\/wp-content\/uploads\/2015\/02\/learning-portal.jpg&quot;);background-position: center center;background-repeat: no-repeat;padding-top:200px;padding-right:0px;padding-bottom:200px;padding-left:0px;margin-bottom: 0px;margin-top: 0px;border-width: 0px 0px 0px 0px;border-color:transparent;border-style:solid;-webkit-background-size:cover;-moz-background-size:cover;-o-background-size:cover;background-size:cover;\" ><div class=\"fusion-builder-row fusion-row\"><div class=\"fusion-layout-column fusion_builder_column fusion-builder-column-6 fusion_builder_column_1_1 1_1 fusion-one-full fusion-column-first fusion-column-last fusion-column-no-min-height fusion-column-inner-bg-wrapper\" style=\"margin-top:0px;margin-bottom:0px;\"><div class=\"fusion-column-wrapper fusion-flex-column-wrapper-legacy\" style=\"padding: 0px 0px 0px 0px;\"><div class=\"fusion-text fusion-text-7\"><h4><span style=\"color: #ffffff; font-size: 30px; letter-spacing: 2px;\">\u00d5PPEPORTAAL<\/span><\/h4>\n<\/div><div class=\"fusion-clearfix\"><\/div><\/div><span class=\"fusion-column-inner-bg hover-type-none\"><a href=\"http:\/\/adventuretourism.eu\/et\/learning-resources\/\"><span class=\"fusion-column-inner-bg-image\" style=\"background-position:left top;background-repeat:no-repeat;-webkit-background-size:cover;-moz-background-size:cover;-o-background-size:cover;background-size:cover;\"><\/span><\/a><\/span><\/div><\/div><\/div><div class=\"fusion-bg-parallax\" data-bg-align=\"center bottom\" data-direction=\"right\" data-mute=\"false\" data-opacity=\"100\" data-velocity=\"-0.7\" data-mobile-enabled=\"false\" data-break_parents=\"0\" data-bg-image=\"http:\/\/adventuretourism.eu\/et\/wp-content\/uploads\/2015\/02\/learning-portal-1.jpg\" data-bg-repeat=\"false\" ><\/div><div class=\"fusion-fullwidth fullwidth-box fusion-builder-row-6 fusion-parallax-right nonhundred-percent-fullwidth non-hundred-percent-height-scrolling\" style=\"background-color: rgba(255,255,255,0);background-image: url(&quot;http:\/\/adventuretourism.eu\/et\/wp-content\/uploads\/2015\/02\/learning-portal-1.jpg&quot;);background-position: center bottom;background-repeat: no-repeat;padding-top:200px;padding-right:0px;padding-bottom:200px;padding-left:0px;margin-bottom: 0px;margin-top: 0px;border-width: 0px 0px 0px 0px;border-color:transparent;border-style:solid;-webkit-background-size:cover;-moz-background-size:cover;-o-background-size:cover;background-size:cover;\" ><div class=\"fusion-builder-row fusion-row\"><div class=\"fusion-layout-column fusion_builder_column fusion-builder-column-7 fusion_builder_column_1_1 1_1 fusion-one-full fusion-column-first fusion-column-last fusion-column-no-min-height fusion-column-inner-bg-wrapper\" style=\"margin-top:0px;margin-bottom:0px;\"><div class=\"fusion-column-wrapper fusion-flex-column-wrapper-legacy\" style=\"padding: 0px 0px 0px 0px;\"><div class=\"fusion-text fusion-text-8\"><h4><span style=\"color: #ffffff; font-size: 30px; letter-spacing: 2px;\">UUDISED<\/span><\/h4>\n<\/div><div class=\"fusion-clearfix\"><\/div><\/div><span class=\"fusion-column-inner-bg hover-type-none\"><a href=\"http:\/\/adventuretourism.eu\/et\/news\/\"><span class=\"fusion-column-inner-bg-image\" style=\"background-position:left top;background-repeat:no-repeat;-webkit-background-size:cover;-moz-background-size:cover;-o-background-size:cover;background-size:cover;\"><\/span><\/a><\/span><\/div><\/div><\/div>\n","protected":false},"excerpt":{"rendered":"MEIE PROJEKT Me paneme aluse Innovatsioonialasele Partnerlusele, mille \u00fclesandeks on v\u00e4lja t\u00f6\u00f6tada paindlikke \u00f5ppimisv\u00f5imalusi ja \u2013vahendeid. Soovime pakkuda ettev\u00f5tetele v\u00f5imalust oma seiklusturismialase suutlikkuse kasvatamiseks olemasolevaid v\u00f5imalusi \u00e4ra kasutades. Adventure Tourism Innovation Partnerships (AVIP) projekti eesm\u00e4rk on pakkuda kvaliteetseid ja asjakohaseid teadmisi ja oskusi, mis aitavad s\u00e4ilitada k\u00f5rge kvalifikatsiooniga personali maapiirkondades. Projekt toetab SMART (\u201cTarga t\u00f6\u00f6\u201d) [...]","protected":false},"author":1,"featured_media":0,"parent":0,"menu_order":0,"comment_status":"closed","ping_status":"open","template":"100-width.php","meta":[],"acf":[],"_links":{"self":[{"href":"https:\/\/adventuretourism.eu\/et\/wp-json\/wp\/v2\/pages\/7"}],"collection":[{"href":"https:\/\/adventuretourism.eu\/et\/wp-json\/wp\/v2\/pages"}],"about":[{"href":"https:\/\/adventuretourism.eu\/et\/wp-json\/wp\/v2\/types\/page"}],"author":[{"embeddable":true,"href":"https:\/\/adventuretourism.eu\/et\/wp-json\/wp\/v2\/users\/1"}],"replies":[{"embeddable":true,"href":"https:\/\/adventuretourism.eu\/et\/wp-json\/wp\/v2\/comments?post=7"}],"version-history":[{"count":28,"href":"https:\/\/adventuretourism.eu\/et\/wp-json\/wp\/v2\/pages\/7\/revisions"}],"predecessor-version":[{"id":11772,"href":"https:\/\/adventuretourism.eu\/et\/wp-json\/wp\/v2\/pages\/7\/revisions\/11772"}],"wp:attachment":[{"href":"https:\/\/adventuretourism.eu\/et\/wp-json\/wp\/v2\/media?parent=7"}],"curies":[{"name":"wp","href":"https:\/\/api.w.org\/{rel}","templated":true}]}}