{"id":12426,"date":"2017-09-19T17:05:39","date_gmt":"2017-09-19T16:05:39","guid":{"rendered":"http:\/\/www.apprenticeshipalliances.eu\/?page_id=11478"},"modified":"2019-09-17T08:59:08","modified_gmt":"2019-09-17T07:59:08","slug":"online-course","status":"publish","type":"page","link":"https:\/\/adventuretourism.eu\/et\/online-course\/","title":{"rendered":"Online Course"},"content":{"rendered":"<div class=\"vc_row wpb_row vc_row-fluid vc_custom_1546532465334 vc_row-o-content-top vc_row-flex\"><div class=\"wpb_column vc_column_container vc_col-sm-6\"><div class=\"vc_column-inner\"><div class=\"wpb_wrapper\">\n\t<div  class=\"wpb_single_image wpb_content_element vc_align_left  vc_custom_1546531002269\">\n\t\t\n\t\t<figure class=\"wpb_wrapper vc_figure\">\n\t\t\t<a href=\"https:\/\/www.facebook.com\/groups\/219915611895156\/\" target=\"_blank\" class=\"vc_single_image-wrapper   vc_box_border_grey\"><img width=\"815\" height=\"382\" src=\"https:\/\/adventuretourism.eu\/et\/wp-content\/uploads\/2019\/01\/fbc.jpg\" class=\"vc_single_image-img attachment-full\" alt=\"\" srcset=\"https:\/\/adventuretourism.eu\/et\/wp-content\/uploads\/2019\/01\/fbc-200x94.jpg 200w, https:\/\/adventuretourism.eu\/et\/wp-content\/uploads\/2019\/01\/fbc-300x141.jpg 300w, https:\/\/adventuretourism.eu\/et\/wp-content\/uploads\/2019\/01\/fbc-400x187.jpg 400w, https:\/\/adventuretourism.eu\/et\/wp-content\/uploads\/2019\/01\/fbc-600x281.jpg 600w, https:\/\/adventuretourism.eu\/et\/wp-content\/uploads\/2019\/01\/fbc-768x360.jpg 768w, https:\/\/adventuretourism.eu\/et\/wp-content\/uploads\/2019\/01\/fbc-800x375.jpg 800w, https:\/\/adventuretourism.eu\/et\/wp-content\/uploads\/2019\/01\/fbc.jpg 815w\" sizes=\"(max-width: 815px) 100vw, 815px\" \/><\/a>\n\t\t<\/figure>\n\t<\/div>\n\n\t<div class=\"wpb_text_column wpb_content_element \" >\n\t\t<div class=\"wpb_wrapper\">\n\t\t\t<h3 style=\"text-align: center;\">Liituge meie teadmistevahetusplatvormiga!<\/h3>\n\n\t\t<\/div>\n\t<\/div>\n<\/div><\/div><\/div><div class=\"wpb_column vc_column_container vc_col-sm-6\"><div class=\"vc_column-inner\"><div class=\"wpb_wrapper\">\n\t<div class=\"wpb_text_column wpb_content_element  vc_custom_1568663696977\" >\n\t\t<div class=\"wpb_wrapper\">\n\t\t\t<h4>Seiklusturismi kursus on jagatud kaheks eraldi veebikursuseks. Neid kursusi toetavad t\u00e4iendavad \u00f5ppematerjalid mida omakorda t\u00e4iendavad valdkonna ekspertide videod ja teadmusvahetusplatvorm, <a href=\"https:\/\/www.facebook.com\/groups\/219915611895156\/\" target=\"_blank\" rel=\"noopener noreferrer\">millega saate siin liituda<\/a>.<\/h4>\n<h4>Need materjalid on v\u00e4lja t\u00f6\u00f6tatud selleks, et luua p\u00f5hjalikud ja pikaajalised teadmised kursusel osalejatele. AVIP on paindlik \u00f5pikeskkond, mis aitab \u00f5ppijatel parandada oma digitaalseid ja ettev\u00f5tlusalaseid oskusi ning aitab neil end kiirelt muutuva seiklusturismi turu jaoks ette valmistuda.<\/h4>\n<h4>Kursuse on kirjutatud turismiekspertide poolt, kes on p\u00e4devad \u00a0ka digitaalse turunduse valdkonnas<\/h4>\n\n\t\t<\/div>\n\t<\/div>\n<\/div><\/div><\/div><\/div><div class=\"vc_row wpb_row vc_row-fluid vc_custom_1485644056532 vc_row-o-equal-height vc_row-o-content-middle vc_row-flex\"><div class=\"wpb_column vc_column_container vc_col-sm-6\"><div class=\"vc_column-inner\"><div class=\"wpb_wrapper\">\n\t<div class=\"wpb_text_column wpb_content_element  vc_custom_1568663797249\" >\n\t\t<div class=\"wpb_wrapper\">\n\t\t\t<h4><strong><a href=\"http:\/\/www.adventuretourism.eu\/et\/course-information\/\">Uued digitaaltehnoloogiad<\/a>.<\/strong><br \/>\nSee kursus \u00f5petab ja inspireerib teid paljudel teemadel, alates \u201eTehnoloogia ja reisimise tulevikutrendidest\u201d kuni \u201eKliendikeskse turunduseni\u201d.<\/h4>\n\n\t\t<\/div>\n\t<\/div>\n<\/div><\/div><\/div><div class=\"wpb_column vc_column_container vc_col-sm-6\"><div class=\"vc_column-inner\"><div class=\"wpb_wrapper\">\n\t<div class=\"wpb_text_column wpb_content_element  vc_custom_1568663791117\" >\n\t\t<div class=\"wpb_wrapper\">\n\t\t\t<h4><strong><a href=\"http:\/\/adventuretourism.eu\/et\/course-information-2\/\">Uute toodete innovatsioon<\/a>.<\/strong><br \/>\nSee kursus juhendab teidi oma tegevust planeerima, aitab teil m\u00f5ista planeerimise ja hindamise v\u00e4\u00e4rtust ning \u00f5petab teid ka \u00e4riplaane koostama.<\/h4>\n\n\t\t<\/div>\n\t<\/div>\n<\/div><\/div><\/div><\/div><div class=\"vc_row wpb_row vc_row-fluid vc_custom_1485644056532 vc_row-o-equal-height vc_row-o-content-middle vc_row-flex\"><div class=\"wpb_column vc_column_container vc_col-sm-12\"><div class=\"vc_column-inner\"><div class=\"wpb_wrapper\">\n\t<div class=\"wpb_text_column wpb_content_element  vc_custom_1568664326480\" >\n\t\t<div class=\"wpb_wrapper\">\n\t\t\t<h4>J\u00e4rgige moodulipaigutust v\u00f5i erinevatest moodulitest koosnevaid n\u00e4idiseid, et saada reaalset \u00fclevaadet sellest, kuidas seiklusturismi turg on muutumas ja kuidas j\u00e4\u00e4da kaasaegseks ja asjatundlikuks!<\/h4>\n\n\t\t<\/div>\n\t<\/div>\n<\/div><\/div><\/div><\/div><div class=\"vc_row wpb_row vc_row-fluid\"><div class=\"wpb_column vc_column_container vc_col-sm-2\"><div class=\"vc_column-inner\"><div class=\"wpb_wrapper\"><div class=\" cq-flipbox-container cq-rightleft\" data-frontbg=\"#ffffff\" data-backbg=\"#ffffff\" data-fontcolor=\"\" data-face1=\"cq-flipbox-front\" data-face2=\"cq-flipbox-back\" data-flipdirection=\"rightleft\" data-elementheight=\"174px\" data-avatarsize=\"80\" data-frontcontentcolor=\"#000000\" data-backcontentcolor=\"#000000\" data-titlesize=\"\" data-contentsize=\"\" data-contentwidth=\"\" data-iconcolor=\"\" data-iconbg=\"\" data-elementmargin=\"\" data-elementwidth=\"174px\" data-cardborder=\"solid\" data-cardbordersize=\"2px\" data-bordercolor=\"#1e73be\" data-backbuttonbg=\"\" data-backbuttonhoverbg=\"\" data-contentmargintop=\"\" data-cardshape=\"square\" data-frontfullimage=\"\" data-avatartype=\"none\" data-backfullimage=\"https:\/\/adventuretourism.eu\/et\/wp-content\/uploads\/2019\/01\/e.jpg\" data-backavatar=\"none\"><a href=\"http:\/\/www.adventuretourism.eu\/et\/course-information\/\" title=\"\" target=\"\" class=\"cq-flipbox-link\"><div class=\"cq-flipbox-flipper\"><div class=\"cq-flipbox-item cq-flipbox-front\" onclick=\"\"><div class=\"cq-flipbox-content\"><\/p>\n<h5>Uued digitehnoloogiad<\/h5>\n<p><\/div><\/div><div class=\"cq-flipbox-item cq-flipbox-back\" onclick=\"\"><div class=\"cq-flipbox-content\"><\/div><\/div><\/div><\/a><\/div><\/div><\/div><\/div><div class=\"wpb_column vc_column_container vc_col-sm-2\"><div class=\"vc_column-inner\"><div class=\"wpb_wrapper\"><div class=\" cq-flipbox-container cq-rightleft\" data-frontbg=\"#ffffff\" data-backbg=\"#ffffff\" data-fontcolor=\"\" data-face1=\"cq-flipbox-front\" data-face2=\"cq-flipbox-back\" data-flipdirection=\"rightleft\" data-elementheight=\"174px\" data-avatarsize=\"80\" data-frontcontentcolor=\"#000000\" data-backcontentcolor=\"#000000\" data-titlesize=\"\" data-contentsize=\"\" data-contentwidth=\"\" data-iconcolor=\"\" data-iconbg=\"\" data-elementmargin=\"\" data-elementwidth=\"174px\" data-cardborder=\"solid\" data-cardbordersize=\"2px\" data-bordercolor=\"#1e73be\" data-backbuttonbg=\"\" data-backbuttonhoverbg=\"\" data-contentmargintop=\"\" data-cardshape=\"square\" data-frontfullimage=\"\" data-avatartype=\"none\" data-backfullimage=\"https:\/\/adventuretourism.eu\/et\/wp-content\/uploads\/2019\/01\/f.jpg\" data-backavatar=\"none\"><a href=\"http:\/\/adventuretourism.eu\/et\/course-information-2\/\" title=\"\" target=\"\" class=\"cq-flipbox-link\"><div class=\"cq-flipbox-flipper\"><div class=\"cq-flipbox-item cq-flipbox-front\" onclick=\"\"><div class=\"cq-flipbox-content\"><\/p>\n<h5>Uute toodete innovatsioon<\/h5>\n<p><\/div><\/div><div class=\"cq-flipbox-item cq-flipbox-back\" onclick=\"\"><div class=\"cq-flipbox-content\"><\/div><\/div><\/div><\/a><\/div><\/div><\/div><\/div><div class=\"wpb_column vc_column_container vc_col-sm-2\"><div class=\"vc_column-inner\"><div class=\"wpb_wrapper\"><div class=\" cq-flipbox-container cq-rightleft\" data-frontbg=\"#ffffff\" data-backbg=\"#ffffff\" data-fontcolor=\"\" data-face1=\"cq-flipbox-front\" data-face2=\"cq-flipbox-back\" data-flipdirection=\"rightleft\" data-elementheight=\"174px\" data-avatarsize=\"80\" data-frontcontentcolor=\"#000000\" data-backcontentcolor=\"#000000\" data-titlesize=\"\" data-contentsize=\"\" data-contentwidth=\"\" data-iconcolor=\"\" data-iconbg=\"\" data-elementmargin=\"\" data-elementwidth=\"174px\" data-cardborder=\"solid\" data-cardbordersize=\"2px\" data-bordercolor=\"#1e73be\" data-backbuttonbg=\"\" data-backbuttonhoverbg=\"\" data-contentmargintop=\"\" data-cardshape=\"square\" data-frontfullimage=\"\" data-avatartype=\"none\" data-backfullimage=\"https:\/\/adventuretourism.eu\/et\/wp-content\/uploads\/2019\/01\/g.jpg\" data-backavatar=\"none\"><a href=\"https:\/\/www.facebook.com\/groups\/219915611895156\/\" title=\"\" target=\"_blank\" class=\"cq-flipbox-link\"><div class=\"cq-flipbox-flipper\"><div class=\"cq-flipbox-item cq-flipbox-front\" onclick=\"\"><div class=\"cq-flipbox-content\"><\/p>\n<h5>Seiklusturismi teadmistevahetus<\/h5>\n<p><\/div><\/div><div class=\"cq-flipbox-item cq-flipbox-back\" onclick=\"\"><div class=\"cq-flipbox-content\"><\/div><\/div><\/div><\/a><\/div><\/div><\/div><\/div><div class=\"wpb_column vc_column_container vc_col-sm-2\"><div class=\"vc_column-inner\"><div class=\"wpb_wrapper\"><div class=\" cq-flipbox-container cq-rightleft\" data-frontbg=\"#ffffff\" data-backbg=\"#ffffff\" data-fontcolor=\"\" data-face1=\"cq-flipbox-front\" data-face2=\"cq-flipbox-back\" data-flipdirection=\"rightleft\" data-elementheight=\"174px\" data-avatarsize=\"80\" data-frontcontentcolor=\"#000000\" data-backcontentcolor=\"#000000\" data-titlesize=\"\" data-contentsize=\"\" data-contentwidth=\"\" data-iconcolor=\"\" data-iconbg=\"\" data-elementmargin=\"\" data-elementwidth=\"174px\" data-cardborder=\"solid\" data-cardbordersize=\"2px\" data-bordercolor=\"#1e73be\" data-backbuttonbg=\"\" data-backbuttonhoverbg=\"\" data-contentmargintop=\"\" data-cardshape=\"square\" data-frontfullimage=\"\" data-avatartype=\"none\" data-backfullimage=\"https:\/\/adventuretourism.eu\/et\/wp-content\/uploads\/2019\/01\/h.jpg\" data-backavatar=\"none\"><a href=\"http:\/\/adventuretourism.eu\/et\/virtual-talks\/\" title=\"\" target=\"\" class=\"cq-flipbox-link\"><div class=\"cq-flipbox-flipper\"><div class=\"cq-flipbox-item cq-flipbox-front\" onclick=\"\"><div class=\"cq-flipbox-content\"><\/p>\n<h5>Innovatsioonieksperdid<\/h5>\n<p><\/div><\/div><div class=\"cq-flipbox-item cq-flipbox-back\" onclick=\"\"><div class=\"cq-flipbox-content\"><\/div><\/div><\/div><\/a><\/div><\/div><\/div><\/div><div class=\"wpb_column vc_column_container vc_col-sm-2\"><div class=\"vc_column-inner\"><div class=\"wpb_wrapper\"><div class=\" cq-flipbox-container cq-rightleft\" data-frontbg=\"#ffffff\" data-backbg=\"#ffffff\" data-fontcolor=\"\" data-face1=\"cq-flipbox-front\" data-face2=\"cq-flipbox-back\" data-flipdirection=\"rightleft\" data-elementheight=\"174px\" data-avatarsize=\"80\" data-frontcontentcolor=\"#000000\" data-backcontentcolor=\"#000000\" data-titlesize=\"\" data-contentsize=\"\" data-contentwidth=\"\" data-iconcolor=\"\" data-iconbg=\"\" data-elementmargin=\"\" data-elementwidth=\"174px\" data-cardborder=\"solid\" data-cardbordersize=\"2px\" data-bordercolor=\"#1e73be\" data-backbuttonbg=\"\" data-backbuttonhoverbg=\"\" data-contentmargintop=\"\" data-cardshape=\"square\" data-frontfullimage=\"\" data-avatartype=\"none\" data-backfullimage=\"https:\/\/adventuretourism.eu\/et\/wp-content\/uploads\/2019\/01\/i.jpg\" data-backavatar=\"none\"><a href=\"http:\/\/adventuretourism.eu\/et\/special-interest-groups\/\" title=\"\" target=\"\" class=\"cq-flipbox-link\"><div class=\"cq-flipbox-flipper\"><div class=\"cq-flipbox-item cq-flipbox-front\" onclick=\"\"><div class=\"cq-flipbox-content\"><\/p>\n<h5>Huvigrupid<\/h5>\n<p><\/div><\/div><div class=\"cq-flipbox-item cq-flipbox-back\" onclick=\"\"><div class=\"cq-flipbox-content\"><\/div><\/div><\/div><\/a><\/div><\/div><\/div><\/div><div class=\"wpb_column vc_column_container vc_col-sm-2\"><div class=\"vc_column-inner\"><div class=\"wpb_wrapper\"><div class=\" cq-flipbox-container cq-rightleft\" data-frontbg=\"#ffffff\" data-backbg=\"#ffffff\" data-fontcolor=\"\" data-face1=\"cq-flipbox-front\" data-face2=\"cq-flipbox-back\" data-flipdirection=\"rightleft\" data-elementheight=\"174px\" data-avatarsize=\"80\" data-frontcontentcolor=\"#000000\" data-backcontentcolor=\"#000000\" data-titlesize=\"\" data-contentsize=\"\" data-contentwidth=\"\" data-iconcolor=\"\" data-iconbg=\"\" data-elementmargin=\"\" data-elementwidth=\"174px\" data-cardborder=\"solid\" data-cardbordersize=\"2px\" data-bordercolor=\"#1e73be\" data-backbuttonbg=\"\" data-backbuttonhoverbg=\"\" data-contentmargintop=\"\" data-cardshape=\"square\" data-frontfullimage=\"\" data-avatartype=\"none\" data-backfullimage=\"https:\/\/adventuretourism.eu\/et\/wp-content\/uploads\/2019\/01\/j.jpg\" data-backavatar=\"none\"><a href=\"http:\/\/adventuretourism.eu\/blog\/\" title=\"\" target=\"_blank\" class=\"cq-flipbox-link\"><div class=\"cq-flipbox-flipper\"><div class=\"cq-flipbox-item cq-flipbox-front\" onclick=\"\"><div class=\"cq-flipbox-content\"><\/p>\n<h5>Seiklusturismi ajaveeb<\/h5>\n<p><\/div><\/div><div class=\"cq-flipbox-item cq-flipbox-back\" onclick=\"\"><div class=\"cq-flipbox-content\"><\/div><\/div><\/div><\/a><\/div><\/div><\/div><\/div><\/div><div class=\"vc_row wpb_row vc_row-fluid\"><div class=\"wpb_column vc_column_container vc_col-sm-12\"><div class=\"vc_column-inner\"><div class=\"wpb_wrapper\"><div class=\"vc_empty_space\"   style=\"height: 100px\"><span class=\"vc_empty_space_inner\"><\/span><\/div><\/div><\/div><\/div><\/div>\n","protected":false},"excerpt":{"rendered":"Liituge meie teadmistevahetusplatvormiga! Seiklusturismi kursus on jagatud kaheks eraldi veebikursuseks. Neid kursusi toetavad t\u00e4iendavad \u00f5ppematerjalid mida omakorda t\u00e4iendavad valdkonna ekspertide videod ja teadmusvahetusplatvorm, millega saate siin liituda. Need materjalid on v\u00e4lja t\u00f6\u00f6tatud selleks, et luua p\u00f5hjalikud ja pikaajalised teadmised kursusel osalejatele. AVIP on paindlik \u00f5pikeskkond, mis aitab \u00f5ppijatel parandada oma digitaalseid ja ettev\u00f5tlusalaseid oskusi ning [...]","protected":false},"author":4,"featured_media":0,"parent":0,"menu_order":0,"comment_status":"closed","ping_status":"closed","template":"","meta":[],"acf":[],"_links":{"self":[{"href":"https:\/\/adventuretourism.eu\/et\/wp-json\/wp\/v2\/pages\/12426"}],"collection":[{"href":"https:\/\/adventuretourism.eu\/et\/wp-json\/wp\/v2\/pages"}],"about":[{"href":"https:\/\/adventuretourism.eu\/et\/wp-json\/wp\/v2\/types\/page"}],"author":[{"embeddable":true,"href":"https:\/\/adventuretourism.eu\/et\/wp-json\/wp\/v2\/users\/4"}],"replies":[{"embeddable":true,"href":"https:\/\/adventuretourism.eu\/et\/wp-json\/wp\/v2\/comments?post=12426"}],"version-history":[{"count":7,"href":"https:\/\/adventuretourism.eu\/et\/wp-json\/wp\/v2\/pages\/12426\/revisions"}],"predecessor-version":[{"id":12879,"href":"https:\/\/adventuretourism.eu\/et\/wp-json\/wp\/v2\/pages\/12426\/revisions\/12879"}],"wp:attachment":[{"href":"https:\/\/adventuretourism.eu\/et\/wp-json\/wp\/v2\/media?parent=12426"}],"curies":[{"name":"wp","href":"https:\/\/api.w.org\/{rel}","templated":true}]}}