{"id":12287,"date":"2018-06-20T23:39:52","date_gmt":"2018-06-20T23:39:52","guid":{"rendered":"http:\/\/www.smartdata.how\/?page_id=12287"},"modified":"2019-09-17T09:56:42","modified_gmt":"2019-09-17T08:56:42","slug":"m5","status":"publish","type":"page","link":"https:\/\/adventuretourism.eu\/et\/m5\/","title":{"rendered":"Moodul 5: seiklusturismi veebisait"},"content":{"rendered":"<div class=\"vc_row wpb_row vc_row-fluid vc_column-gap-25 vc_row-o-content-top vc_row-flex\"><div class=\"wpb_column vc_column_container vc_col-sm-8\"><div class=\"vc_column-inner\"><div class=\"wpb_wrapper\"><div id=\"ts-vcsc-iframe-9240630-parent\" class=\"ts-iframe-container ts-iframe-container-auto  \"  data-height-type=\"content\" data-height-current=\"\" data-height-last=\"\" data-height-scroll=\"\" data-height-measure=\"offsetHeight,clientHeight,scrollHeight\" data-height-position=\"false\" data-height-minimum=\"400\" data-height-overflow=\"hidden\" data-height-adjust=\"resize\" data-height-interval=\"1000\" data-height-offset=\"0\" data-break-parents=\"6\" data-inline=\"false\" data-border=\"0\" style=\"  margin-top: 0px; margin-bottom: 0px;\"><iframe id=\"ts-vcsc-iframe-9240630\" name=\"ts-vcsc-iframe-9240630\" class=\"transparent   \" src=\"http:\/\/www.slideshare.net\/slideshow\/embed_code\/key\/HKLuzx973uRMIV\" style=\"\" width=\"100%\" height=\"\" frameborder=\"0\" scrolling=\"yes\" webkitallowfullscreen mozallowfullscreen allowfullscreen seamless><\/iframe><\/div><div class=\"vc_empty_space\"   style=\"height: 75px\"><span class=\"vc_empty_space_inner\"><\/span><\/div><\/div><\/div><\/div><div class=\"wpb_column vc_column_container vc_col-sm-4\"><div class=\"vc_column-inner\"><div class=\"wpb_wrapper\">\n\t<div class=\"wpb_text_column wpb_content_element \" >\n\t\t<div class=\"wpb_wrapper\">\n\t\t\t<p><a href=\"http:\/\/www.adventuretourism.eu\/et\/m6\"><img class=\"size-medium wp-image-11893 alignright\" src=\"http:\/\/restartplatform.eu\/wp-content\/uploads\/2017\/01\/next.jpg\" alt=\"\" width=\"31\" height=\"32\" \/><\/a><a href=\"http:\/\/www.adventuretourism.eu\/et\/m4\"><img class=\"size-full wp-image-11934 alignright\" src=\"http:\/\/restartplatform.eu\/wp-content\/uploads\/2017\/01\/previous.jpg\" alt=\"\" width=\"31\" height=\"32\" \/><\/a><a href=\"http:\/\/www.adventuretourism.eu\/et\/course-information\"><img class=\"size-full wp-image-11892 alignright\" src=\"http:\/\/restartplatform.eu\/wp-content\/uploads\/2017\/01\/close.jpg\" alt=\"\" width=\"33\" height=\"32\" \/><\/a><\/p>\n\n\t\t<\/div>\n\t<\/div>\n<div class=\"vc_row wpb_row vc_inner vc_row-fluid vc_custom_1485681884705 vc_row-has-fill\"><div class=\"wpb_column vc_column_container vc_col-sm-12\"><div class=\"vc_column-inner\"><div class=\"wpb_wrapper\"><div class=\"templatera_shortcode\"><div class=\"vc_row wpb_row vc_row-fluid\"><div class=\"wpb_column vc_column_container vc_col-sm-12\"><div class=\"vc_column-inner\"><div class=\"wpb_wrapper\">\n\t<div class=\"wpb_text_column wpb_content_element  vc_custom_1568709724113\" >\n\t\t<div class=\"wpb_wrapper\">\n\t\t\t<h3><span style=\"color: #ffffff;\">Ressursid<\/span><\/h3>\n\n\t\t<\/div>\n\t<\/div>\n<\/div><\/div><\/div><\/div><\/div>\n\t<div class=\"wpb_text_column wpb_content_element \" >\n\t\t<div class=\"wpb_wrapper\">\n\t\t\t<p><span class=\"fusion-popover popover-1\" data-animation=\"1\" data-class=\"popover-1\" data-container=\"popover-1\" data-content=\"Slideshare\" data-delay=\"50\" data-placement=\"top\" data-toggle=\"popover\" data-trigger=\"hover\"><style type=\"text\/css\">.popover-1 .popover-title{.popover-1{border-color:#000000;}color:#000000;border-color:#000000;}.popover-1 .popover-content{background-color:#ffffff;color:#000000;}.popover-1.top .arrow{border-top-color:#000000;}.popover-1.top .arrow:after{border-top-color:#ffffff;}<\/style><br \/>\n<a href=\"http:\/\/adventuretourism.eu\/m5\/\"><img class=\"size-full wp-image-12466 alignnone\" src=\"http:\/\/adventuretourism.eu\/et\/wp-content\/uploads\/2018\/12\/Artboard-1.jpg\" alt=\"\" width=\"60\" height=\"60\" srcset=\"https:\/\/adventuretourism.eu\/et\/wp-content\/uploads\/2018\/12\/Artboard-1-66x66.jpg 66w, https:\/\/adventuretourism.eu\/et\/wp-content\/uploads\/2018\/12\/Artboard-1.jpg 75w\" sizes=\"(max-width: 60px) 100vw, 60px\" \/><\/a><\/span> <span class=\"fusion-popover popover-2\" data-animation=\"1\" data-class=\"popover-2\" data-container=\"popover-2\" data-content=\"10 Stats to Justify SEO\" data-delay=\"50\" data-placement=\"top\" data-toggle=\"popover\" data-trigger=\"hover\"><style type=\"text\/css\">.popover-2 .popover-title{.popover-2{border-color:#000000;}color:#000000;border-color:#000000;}.popover-2 .popover-content{background-color:#ffffff;color:#000000;}.popover-2.top .arrow{border-top-color:#000000;}.popover-2.top .arrow:after{border-top-color:#ffffff;}<\/style><a href=\"https:\/\/www.searchenginejournal.com\/10-stats-to-justify-seo\/36762\/\" target=\"_blank\" rel=\"noopener noreferrer\"><img class=\"alignnone wp-image-12468 size-full\" src=\"http:\/\/adventuretourism.eu\/et\/wp-content\/uploads\/2018\/12\/Artboard-2.jpg\" alt=\"\" width=\"60\" height=\"60\" \/><\/a><\/span> <span class=\"fusion-popover popover-3\" data-animation=\"1\" data-class=\"popover-3\" data-container=\"popover-3\" data-content=\"Websites with better designs are more Trustworthy\" data-delay=\"50\" data-placement=\"top\" data-toggle=\"popover\" data-trigger=\"hover\"><style type=\"text\/css\">.popover-3 .popover-title{.popover-3{border-color:#000000;}color:#000000;border-color:#000000;}.popover-3 .popover-content{background-color:#ffffff;color:#000000;}.popover-3.top .arrow{border-top-color:#000000;}.popover-3.top .arrow:after{border-top-color:#ffffff;}<\/style><a href=\"https:\/\/rocketmedia.com\/blog\/better-design-makes-websites-more-trustworthy\" target=\"_blank\" rel=\"noopener noreferrer\"><img class=\"alignnone wp-image-12468 size-full\" src=\"http:\/\/adventuretourism.eu\/et\/wp-content\/uploads\/2018\/12\/Artboard-2.jpg\" alt=\"\" width=\"60\" height=\"60\" \/><\/a><\/span> <span class=\"fusion-popover popover-4\" data-animation=\"1\" data-class=\"popover-4\" data-container=\"popover-4\" data-content=\"G Adventures- Our world deserves more you\" data-delay=\"50\" data-placement=\"top\" data-toggle=\"popover\" data-trigger=\"hover\"><style type=\"text\/css\">.popover-4 .popover-title{.popover-4{border-color:#000000;}color:#000000;border-color:#000000;}.popover-4 .popover-content{background-color:#ffffff;color:#000000;}.popover-4.top .arrow{border-top-color:#000000;}.popover-4.top .arrow:after{border-top-color:#ffffff;}<\/style><a href=\"https:\/\/www.gadventures.com\/?aw_ag_id=49375547731&amp;aw_kw_id=kwd-296402816780&amp;aw_ad_id=235708024958&amp;aw_nw=g&amp;phonecode=UK_PPC_2&amp;gclid=Cj0KCQiA8f_eBRDcARIsAEKwRGcMFr8E6pGps3vhTZtSNC2_R0tQKPhJRwggoA3CInVrwGFcPvjWSnIaAvgFEALw_wcB\" target=\"_blank\" rel=\"noopener noreferrer\"><img class=\"alignnone wp-image-12468 size-full\" src=\"http:\/\/adventuretourism.eu\/et\/wp-content\/uploads\/2018\/12\/Artboard-2.jpg\" alt=\"\" width=\"60\" height=\"60\" \/><\/a><\/span> <span class=\"fusion-popover popover-5\" data-animation=\"1\" data-class=\"popover-5\" data-container=\"popover-5\" data-content=\"Multi Award-Winning Small-Group Tours of Ireland\" data-delay=\"50\" data-placement=\"top\" data-toggle=\"popover\" data-trigger=\"hover\"><style type=\"text\/css\">.popover-5 .popover-title{.popover-5{border-color:#000000;}color:#000000;border-color:#000000;}.popover-5 .popover-content{background-color:#ffffff;color:#000000;}.popover-5.top .arrow{border-top-color:#000000;}.popover-5.top .arrow:after{border-top-color:#ffffff;}<\/style><a href=\"https:\/\/vagabondtoursofireland.com\/\" target=\"_blank\" rel=\"noopener noreferrer\"><img class=\"alignnone wp-image-12468 size-full\" src=\"http:\/\/adventuretourism.eu\/et\/wp-content\/uploads\/2018\/12\/Artboard-2.jpg\" alt=\"\" width=\"60\" height=\"60\" \/><\/a><\/span> <span class=\"fusion-popover popover-6\" data-animation=\"1\" data-class=\"popover-6\" data-container=\"popover-6\" data-content=\"Blue Cave &amp; Hvar Tour From Split\" data-delay=\"50\" data-placement=\"top\" data-toggle=\"popover\" data-trigger=\"hover\"><style type=\"text\/css\">.popover-6 .popover-title{.popover-6{border-color:#000000;}color:#000000;border-color:#000000;}.popover-6 .popover-content{background-color:#ffffff;color:#000000;}.popover-6.top .arrow{border-top-color:#000000;}.popover-6.top .arrow:after{border-top-color:#ffffff;}<\/style><a href=\"http:\/\/www.sugamantours.com\/blue-cave-and-hvar-tour-from-split\/\" target=\"_blank\" rel=\"noopener noreferrer\"><img class=\"alignnone wp-image-12468 size-full\" src=\"http:\/\/adventuretourism.eu\/et\/wp-content\/uploads\/2018\/12\/Artboard-2.jpg\" alt=\"\" width=\"60\" height=\"60\" \/><\/a><\/span><\/p>\n\n\t\t<\/div>\n\t<\/div>\n<\/div><\/div><\/div><\/div><div class=\"vc_empty_space\"   style=\"height: 20px\"><span class=\"vc_empty_space_inner\"><\/span><\/div><div class=\"vc_row wpb_row vc_inner vc_row-fluid\"><div class=\"wpb_column vc_column_container vc_col-sm-12\"><div class=\"vc_column-inner\"><div class=\"wpb_wrapper\"><div class=\"templatera_shortcode\"><div class=\"vc_row wpb_row vc_row-fluid vc_custom_1485657561344 vc_row-has-fill\"><div class=\"wpb_column vc_column_container vc_col-sm-12\"><div class=\"vc_column-inner\"><div class=\"wpb_wrapper\">\n\t<div class=\"wpb_text_column wpb_content_element  vc_custom_1568709753533\" >\n\t\t<div class=\"wpb_wrapper\">\n\t\t\t<h3><span style=\"color: #ffffff;\">\u00d5ppetunnid<\/span><\/h3>\n\n\t\t<\/div>\n\t<\/div>\n\n\t<div class=\"wpb_text_column wpb_content_element \" >\n\t\t<div class=\"wpb_wrapper\">\n\t\t\t<p style=\"font-size: 18px;\"><a href=\"http:\/\/www.adventuretourism.eu\/et\/m1\/\">Moodul 1: tulevane seiklusreisija<\/a><\/p>\n<p style=\"font-size: 18px;\"><a href=\"http:\/\/www.adventuretourism.eu\/et\/m2\/\">Moodul 2: tehnoloogia ja reisimise tulevikutrendid<\/a><\/p>\n<p style=\"font-size: 18px;\"><a href=\"http:\/\/www.adventuretourism.eu\/et\/m3\/\">Moodul 3: Digitaalsed turunduskampaaniad<\/a><\/p>\n<p style=\"font-size: 18px;\"><a href=\"http:\/\/www.adventuretourism.eu\/et\/m4\/\">Moodul 4: kliendi esimene turundus<\/a><\/p>\n<p style=\"font-size: 18px;\"><a href=\"http:\/\/www.adventuretourism.eu\/et\/m5\/\">Moodul 5: seiklusturismi veebisait<\/a><\/p>\n<p style=\"font-size: 18px;\"><a href=\"http:\/\/www.adventuretourism.eu\/et\/m6\/\">Moodul 6: digitaalne sotsiaalmeedia turundus<\/a><\/p>\n<p style=\"font-size: 18px;\"><a href=\"http:\/\/www.adventuretourism.eu\/et\/m7\/\">Moodul 7: Reisirakendused, AR, VR, MR<\/a><\/p>\n<p style=\"font-size: 18px;\"><a href=\"http:\/\/www.adventuretourism.eu\/et\/m8\/\">Moodul 8: \u00fcmbritsevad digitaaltehnoloogiad<\/a><\/p>\n<hr \/>\n<p style=\"text-align: center;\">Kui olete meie AVIP-kursuse l\u00e4binud, v\u00f5tke meile 2 minutit tagasiside andmiseks:<\/p>\n<p style=\"text-align: center;\"><a href=\"https:\/\/uhi.onlinesurveys.ac.uk\/adventure-tourism-innovation-partnerships-avip-module-pa-2\" target=\"_blank\" rel=\"noopener noreferrer\">Seiklusturismi innovatsioonipartnerluste (AVIP) moodulis osalejate uuring<\/a><\/p>\n\n\t\t<\/div>\n\t<\/div>\n<\/div><\/div><\/div><\/div><\/div><\/div><\/div><\/div><\/div><\/div><\/div><\/div><\/div><div class=\"vc_row wpb_row vc_row-fluid\"><div class=\"wpb_column vc_column_container vc_col-sm-12\"><div class=\"vc_column-inner\"><div class=\"wpb_wrapper\"><\/div><\/div><\/div><\/div>\n","protected":false},"excerpt":{"rendered":"\u00d5ppetunnid Moodul 1: tulevane seiklusreisija Moodul 2: tehnoloogia ja reisimise tulevikutrendid Moodul 3: Digitaalsed turunduskampaaniad Moodul 4: kliendi esimene turundus Moodul 5: seiklusturismi veebisait Moodul 6: digitaalne sotsiaalmeedia turundus Moodul 7: Reisirakendused, AR, VR, MR Moodul 8: \u00fcmbritsevad digitaaltehnoloogiad Kui olete meie AVIP-kursuse l\u00e4binud, v\u00f5tke meile 2 minutit tagasiside andmiseks: Seiklusturismi innovatsioonipartnerluste (AVIP) moodulis osalejate [...]","protected":false},"author":4,"featured_media":0,"parent":0,"menu_order":0,"comment_status":"closed","ping_status":"closed","template":"","meta":[],"acf":[],"_links":{"self":[{"href":"https:\/\/adventuretourism.eu\/et\/wp-json\/wp\/v2\/pages\/12287"}],"collection":[{"href":"https:\/\/adventuretourism.eu\/et\/wp-json\/wp\/v2\/pages"}],"about":[{"href":"https:\/\/adventuretourism.eu\/et\/wp-json\/wp\/v2\/types\/page"}],"author":[{"embeddable":true,"href":"https:\/\/adventuretourism.eu\/et\/wp-json\/wp\/v2\/users\/4"}],"replies":[{"embeddable":true,"href":"https:\/\/adventuretourism.eu\/et\/wp-json\/wp\/v2\/comments?post=12287"}],"version-history":[{"count":3,"href":"https:\/\/adventuretourism.eu\/et\/wp-json\/wp\/v2\/pages\/12287\/revisions"}],"predecessor-version":[{"id":12894,"href":"https:\/\/adventuretourism.eu\/et\/wp-json\/wp\/v2\/pages\/12287\/revisions\/12894"}],"wp:attachment":[{"href":"https:\/\/adventuretourism.eu\/et\/wp-json\/wp\/v2\/media?parent=12287"}],"curies":[{"name":"wp","href":"https:\/\/api.w.org\/{rel}","templated":true}]}}