{"id":11478,"date":"2015-02-10T19:21:53","date_gmt":"2015-02-10T19:21:53","guid":{"rendered":"http:\/\/avada.theme-fusion.com_demos\/architecture\/?page_id=13"},"modified":"2017-11-06T22:14:29","modified_gmt":"2017-11-06T22:14:29","slug":"learning-resources","status":"publish","type":"page","link":"https:\/\/adventuretourism.eu\/et\/learning-resources\/","title":{"rendered":"Learning Resources"},"content":{"rendered":"<div class=\"fusion-fullwidth fullwidth-box fusion-builder-row-1 nonhundred-percent-fullwidth non-hundred-percent-height-scrolling\" style=\"background-color: rgba(255,255,255,0);background-position: left top;background-repeat: no-repeat;padding-top:150px;padding-right:0px;padding-bottom:150px;padding-left:0px;margin-bottom: 0px;margin-top: 0px;border-width: 0px 0px 0px 0px;border-color:#eae9e9;border-style:solid;\" ><div class=\"fusion-builder-row fusion-row\"><div class=\"fusion-layout-column fusion_builder_column fusion-builder-column-0 fusion_builder_column_1_1 1_1 fusion-one-full fusion-column-first fusion-column-last fusion-column-no-min-height\" style=\"margin-top:0px;margin-bottom:0px;\"><div class=\"fusion-column-wrapper fusion-flex-column-wrapper-legacy\" style=\"background-position:left top;background-repeat:no-repeat;-webkit-background-size:cover;-moz-background-size:cover;-o-background-size:cover;background-size:cover;padding: 0px 0px 0px 0px;\"><div class=\"fusion-recent-works fusion-portfolio-element fusion-portfolio fusion-portfolio-1 fusion-portfolio-grid fusion-portfolio-paging-none fusion-portfolio-four fusion-portfolio-no_text fusion-portfolio-rollover\" data-id=\"-rw-1\" data-columns=\"four\"><style type=\"text\/css\">.fusion-portfolio-1 .fusion-portfolio-wrapper .fusion-col-spacing{padding:15px;}<\/style><div class=\"fusion-portfolio-wrapper\" id=\"fusion-portfolio-1\" data-picturesize=\"auto\" data-pages=\"1\" style=\"margin:-15px;\"><article id=\"portfolio-1-post-11477\" class=\"fusion-portfolio-post fusion-col-spacing post-11477\"><div class=\"fusion-portfolio-content-wrapper\" style=\"border:none;\"><span class=\"entry-title rich-snippet-hidden\">Regionaalne Innovatiivne Seiklusturismialane Koost\u00f6\u00f6 plaan<\/span><span class=\"vcard rich-snippet-hidden\"><span class=\"fn\"><a href=\"https:\/\/adventuretourism.eu\/et\/author\/iwsayers\/\" title=\"Posts by iwsayers\" rel=\"author\">iwsayers<\/a><\/span><\/span><span class=\"updated rich-snippet-hidden\">2018-02-26T17:06:57+00:00<\/span>\n\n<div  class=\"fusion-image-wrapper\" aria-haspopup=\"true\">\n\t\n\t\n\t\t\n\t\t\t\t\t<img width=\"800\" height=\"541\" src=\"https:\/\/adventuretourism.eu\/et\/wp-content\/uploads\/2015\/02\/8-post.jpg\" class=\"attachment-full size-full wp-post-image\" alt=\"\" srcset=\"https:\/\/adventuretourism.eu\/et\/wp-content\/uploads\/2015\/02\/8-post-200x135.jpg 200w, https:\/\/adventuretourism.eu\/et\/wp-content\/uploads\/2015\/02\/8-post-400x271.jpg 400w, https:\/\/adventuretourism.eu\/et\/wp-content\/uploads\/2015\/02\/8-post-600x406.jpg 600w, https:\/\/adventuretourism.eu\/et\/wp-content\/uploads\/2015\/02\/8-post.jpg 800w\" sizes=\"(min-width: 2200px) 100vw, (min-width: 915px) 270px, (min-width: 824px) 360px, (min-width: 732px) 540px, (min-width: 640px) 732px, \" \/>\n\t\n\n\t\t<div class=\"fusion-rollover\">\n\t<div class=\"fusion-rollover-content\">\n\n\t\t\t\t\t\t\t\t\t\t\t\t\t\t<a class=\"fusion-rollover-link\" href=\"https:\/\/adventuretourism.eu\/et\/learning-portal\/adventure-tourism-regional-innovation-partnership-plans\/\">Regionaalne Innovatiivne Seiklusturismialane Koost\u00f6\u00f6 plaan<\/a>\n\t\t\t\n\t\t\t\t\t\t\t\t\n\t\t\t\t\n\t\t\t\t\t\t\t\t\t\t\t\t<h4 class=\"fusion-rollover-title\">\n\t\t\t\t\t<a class=\"fusion-rollover-title-link\" href=\"https:\/\/adventuretourism.eu\/et\/learning-portal\/adventure-tourism-regional-innovation-partnership-plans\/\">\n\t\t\t\t\t\tRegionaalne Innovatiivne Seiklusturismialane Koost\u00f6\u00f6 plaan\t\t\t\t\t<\/a>\n\t\t\t\t<\/h4>\n\t\t\t\n\t\t\t\t\t\t\t\t\n\t\t\n\t\t\t\t<a class=\"fusion-link-wrapper\" href=\"https:\/\/adventuretourism.eu\/et\/learning-portal\/adventure-tourism-regional-innovation-partnership-plans\/\" aria-label=\"Regionaalne Innovatiivne Seiklusturismialane Koost\u00f6\u00f6 plaan\"><\/a>\n\t<\/div>\n<\/div>\n\n\t\n<\/div>\n<\/div><\/article><article id=\"portfolio-1-post-11476\" class=\"fusion-portfolio-post commercial industrial fusion-col-spacing post-11476\"><div class=\"fusion-portfolio-content-wrapper\" style=\"border:none;\"><span class=\"entry-title rich-snippet-hidden\">Avatud \u00d5ppematerjalid Digitaalse Tehnoloogia vallas<\/span><span class=\"vcard rich-snippet-hidden\"><span class=\"fn\"><a href=\"https:\/\/adventuretourism.eu\/et\/author\/iwsayers\/\" title=\"Posts by iwsayers\" rel=\"author\">iwsayers<\/a><\/span><\/span><span class=\"updated rich-snippet-hidden\">2018-02-26T17:07:59+00:00<\/span>\n\n<div  class=\"fusion-image-wrapper\" aria-haspopup=\"true\">\n\t\n\t\n\t\t\n\t\t\t\t\t<img width=\"800\" height=\"541\" src=\"https:\/\/adventuretourism.eu\/et\/wp-content\/uploads\/2015\/02\/9-post-1.jpg\" class=\"attachment-full size-full wp-post-image\" alt=\"\" srcset=\"https:\/\/adventuretourism.eu\/et\/wp-content\/uploads\/2015\/02\/9-post-1-200x135.jpg 200w, https:\/\/adventuretourism.eu\/et\/wp-content\/uploads\/2015\/02\/9-post-1-400x271.jpg 400w, https:\/\/adventuretourism.eu\/et\/wp-content\/uploads\/2015\/02\/9-post-1-600x406.jpg 600w, https:\/\/adventuretourism.eu\/et\/wp-content\/uploads\/2015\/02\/9-post-1.jpg 800w\" sizes=\"(min-width: 2200px) 100vw, (min-width: 915px) 270px, (min-width: 824px) 360px, (min-width: 732px) 540px, (min-width: 640px) 732px, \" \/>\n\t\n\n\t\t<div class=\"fusion-rollover\">\n\t<div class=\"fusion-rollover-content\">\n\n\t\t\t\t\t\t\t\t\t\t\t\t\t\t<a class=\"fusion-rollover-link\" href=\"https:\/\/adventuretourism.eu\/et\/learning-portal\/digital-technologies-open-educational-resource\/\">Avatud \u00d5ppematerjalid Digitaalse Tehnoloogia vallas<\/a>\n\t\t\t\n\t\t\t\t\t\t\t\t\n\t\t\t\t\n\t\t\t\t\t\t\t\t\t\t\t\t<h4 class=\"fusion-rollover-title\">\n\t\t\t\t\t<a class=\"fusion-rollover-title-link\" href=\"https:\/\/adventuretourism.eu\/et\/learning-portal\/digital-technologies-open-educational-resource\/\">\n\t\t\t\t\t\tAvatud \u00d5ppematerjalid Digitaalse Tehnoloogia vallas\t\t\t\t\t<\/a>\n\t\t\t\t<\/h4>\n\t\t\t\n\t\t\t\t\t\t\t\t\n\t\t\n\t\t\t\t<a class=\"fusion-link-wrapper\" href=\"https:\/\/adventuretourism.eu\/et\/learning-portal\/digital-technologies-open-educational-resource\/\" aria-label=\"Avatud \u00d5ppematerjalid Digitaalse Tehnoloogia vallas\"><\/a>\n\t<\/div>\n<\/div>\n\n\t\n<\/div>\n<\/div><\/article><article id=\"portfolio-1-post-11475\" class=\"fusion-portfolio-post commercial industrial fusion-col-spacing post-11475\"><div class=\"fusion-portfolio-content-wrapper\" style=\"border:none;\"><span class=\"entry-title rich-snippet-hidden\">Toote arenduse ja innovatsioon<\/span><span class=\"vcard rich-snippet-hidden\"><span class=\"fn\"><a href=\"https:\/\/adventuretourism.eu\/et\/author\/iwsayers\/\" title=\"Posts by iwsayers\" rel=\"author\">iwsayers<\/a><\/span><\/span><span class=\"updated rich-snippet-hidden\">2018-02-26T17:09:10+00:00<\/span>\n\n<div  class=\"fusion-image-wrapper\" aria-haspopup=\"true\">\n\t\n\t\n\t\t\n\t\t\t\t\t<img width=\"800\" height=\"541\" src=\"https:\/\/adventuretourism.eu\/et\/wp-content\/uploads\/2015\/02\/10-post-1.jpg\" class=\"attachment-full size-full wp-post-image\" alt=\"\" srcset=\"https:\/\/adventuretourism.eu\/et\/wp-content\/uploads\/2015\/02\/10-post-1-200x135.jpg 200w, https:\/\/adventuretourism.eu\/et\/wp-content\/uploads\/2015\/02\/10-post-1-400x271.jpg 400w, https:\/\/adventuretourism.eu\/et\/wp-content\/uploads\/2015\/02\/10-post-1-600x406.jpg 600w, https:\/\/adventuretourism.eu\/et\/wp-content\/uploads\/2015\/02\/10-post-1.jpg 800w\" sizes=\"(min-width: 2200px) 100vw, (min-width: 915px) 270px, (min-width: 824px) 360px, (min-width: 732px) 540px, (min-width: 640px) 732px, \" \/>\n\t\n\n\t\t<div class=\"fusion-rollover\">\n\t<div class=\"fusion-rollover-content\">\n\n\t\t\t\t\t\t\t\t\t\t\t\t\t\t<a class=\"fusion-rollover-link\" href=\"https:\/\/adventuretourism.eu\/et\/learning-portal\/innovating-new-products\/\">Toote arenduse ja innovatsioon<\/a>\n\t\t\t\n\t\t\t\t\t\t\t\t\n\t\t\t\t\n\t\t\t\t\t\t\t\t\t\t\t\t<h4 class=\"fusion-rollover-title\">\n\t\t\t\t\t<a class=\"fusion-rollover-title-link\" href=\"https:\/\/adventuretourism.eu\/et\/learning-portal\/innovating-new-products\/\">\n\t\t\t\t\t\tToote arenduse ja innovatsioon\t\t\t\t\t<\/a>\n\t\t\t\t<\/h4>\n\t\t\t\n\t\t\t\t\t\t\t\t\n\t\t\n\t\t\t\t<a class=\"fusion-link-wrapper\" href=\"https:\/\/adventuretourism.eu\/et\/learning-portal\/innovating-new-products\/\" aria-label=\"Toote arenduse ja innovatsioon\"><\/a>\n\t<\/div>\n<\/div>\n\n\t\n<\/div>\n<\/div><\/article><article id=\"portfolio-1-post-174\" class=\"fusion-portfolio-post commercial industrial fusion-col-spacing post-174\"><div class=\"fusion-portfolio-content-wrapper\" style=\"border:none;\"><span class=\"entry-title rich-snippet-hidden\">Avatud veebip\u00f5hine \u00f5ppimise ja teadmiste vahetamise koost\u00f6\u00f6platform<\/span><span class=\"vcard rich-snippet-hidden\"><span class=\"fn\"><a href=\"https:\/\/adventuretourism.eu\/et\/author\/iwsayers\/\" title=\"Posts by iwsayers\" rel=\"author\">iwsayers<\/a><\/span><\/span><span class=\"updated rich-snippet-hidden\">2018-02-26T17:10:09+00:00<\/span>\n\n<div  class=\"fusion-image-wrapper\" aria-haspopup=\"true\">\n\t\n\t\n\t\t\n\t\t\t\t\t<img width=\"800\" height=\"541\" src=\"https:\/\/adventuretourism.eu\/et\/wp-content\/uploads\/2015\/02\/11-post-1.jpg\" class=\"attachment-full size-full wp-post-image\" alt=\"\" srcset=\"https:\/\/adventuretourism.eu\/et\/wp-content\/uploads\/2015\/02\/11-post-1-200x135.jpg 200w, https:\/\/adventuretourism.eu\/et\/wp-content\/uploads\/2015\/02\/11-post-1-400x271.jpg 400w, https:\/\/adventuretourism.eu\/et\/wp-content\/uploads\/2015\/02\/11-post-1-600x406.jpg 600w, https:\/\/adventuretourism.eu\/et\/wp-content\/uploads\/2015\/02\/11-post-1.jpg 800w\" sizes=\"(min-width: 2200px) 100vw, (min-width: 915px) 270px, (min-width: 824px) 360px, (min-width: 732px) 540px, (min-width: 640px) 732px, \" \/>\n\t\n\n\t\t<div class=\"fusion-rollover\">\n\t<div class=\"fusion-rollover-content\">\n\n\t\t\t\t\t\t\t\t\t\t\t\t\t\t<a class=\"fusion-rollover-link\" href=\"https:\/\/adventuretourism.eu\/et\/learning-portal\/open-online-collaborative-learning\/\">Avatud veebip\u00f5hine \u00f5ppimise ja teadmiste vahetamise koost\u00f6\u00f6platform<\/a>\n\t\t\t\n\t\t\t\t\t\t\t\t\n\t\t\t\t\n\t\t\t\t\t\t\t\t\t\t\t\t<h4 class=\"fusion-rollover-title\">\n\t\t\t\t\t<a class=\"fusion-rollover-title-link\" href=\"https:\/\/adventuretourism.eu\/et\/learning-portal\/open-online-collaborative-learning\/\">\n\t\t\t\t\t\tAvatud veebip\u00f5hine \u00f5ppimise ja teadmiste vahetamise koost\u00f6\u00f6platform\t\t\t\t\t<\/a>\n\t\t\t\t<\/h4>\n\t\t\t\n\t\t\t\t\t\t\t\t\n\t\t\n\t\t\t\t<a class=\"fusion-link-wrapper\" href=\"https:\/\/adventuretourism.eu\/et\/learning-portal\/open-online-collaborative-learning\/\" aria-label=\"Avatud veebip\u00f5hine \u00f5ppimise ja teadmiste vahetamise koost\u00f6\u00f6platform\"><\/a>\n\t<\/div>\n<\/div>\n\n\t\n<\/div>\n<\/div><\/article><\/div><\/div><div class=\"fusion-clearfix\"><\/div><\/div><\/div><\/div><\/div>\n","protected":false},"excerpt":{"rendered":"Saadaval alates 2018","protected":false},"author":1,"featured_media":0,"parent":0,"menu_order":0,"comment_status":"closed","ping_status":"open","template":"","meta":[],"acf":[],"_links":{"self":[{"href":"https:\/\/adventuretourism.eu\/et\/wp-json\/wp\/v2\/pages\/11478"}],"collection":[{"href":"https:\/\/adventuretourism.eu\/et\/wp-json\/wp\/v2\/pages"}],"about":[{"href":"https:\/\/adventuretourism.eu\/et\/wp-json\/wp\/v2\/types\/page"}],"author":[{"embeddable":true,"href":"https:\/\/adventuretourism.eu\/et\/wp-json\/wp\/v2\/users\/1"}],"replies":[{"embeddable":true,"href":"https:\/\/adventuretourism.eu\/et\/wp-json\/wp\/v2\/comments?post=11478"}],"version-history":[{"count":3,"href":"https:\/\/adventuretourism.eu\/et\/wp-json\/wp\/v2\/pages\/11478\/revisions"}],"predecessor-version":[{"id":11705,"href":"https:\/\/adventuretourism.eu\/et\/wp-json\/wp\/v2\/pages\/11478\/revisions\/11705"}],"wp:attachment":[{"href":"https:\/\/adventuretourism.eu\/et\/wp-json\/wp\/v2\/media?parent=11478"}],"curies":[{"name":"wp","href":"https:\/\/api.w.org\/{rel}","templated":true}]}}