{"id":11,"date":"2015-02-10T19:21:34","date_gmt":"2015-02-10T19:21:34","guid":{"rendered":"http:\/\/avada.theme-fusion.com_demos\/architecture\/?page_id=11"},"modified":"2018-09-30T22:18:35","modified_gmt":"2018-09-30T21:18:35","slug":"the-team","status":"publish","type":"page","link":"https:\/\/adventuretourism.eu\/et\/the-team\/","title":{"rendered":"The Team"},"content":{"rendered":"<div class=\"fusion-fullwidth fullwidth-box fusion-builder-row-1 nonhundred-percent-fullwidth non-hundred-percent-height-scrolling\" style=\"background-color: rgba(255,255,255,0);background-position: left top;background-repeat: no-repeat;padding-top:150px;padding-right:0px;padding-bottom:0px;padding-left:0px;margin-bottom: 0px;margin-top: 0px;border-width: 0px 0px 0px 0px;border-color:#eae9e9;border-style:solid;\" ><div class=\"fusion-builder-row fusion-row\"><div class=\"fusion-layout-column fusion_builder_column fusion-builder-column-0 fusion_builder_column_1_2 1_2 fusion-one-half fusion-column-first\" style=\"width:48%; margin-right: 4%;margin-top:0px;margin-bottom:20px;\"><div class=\"fusion-column-wrapper fusion-flex-column-wrapper-legacy\" style=\"background-position:left top;background-repeat:no-repeat;-webkit-background-size:cover;-moz-background-size:cover;-o-background-size:cover;background-size:cover;padding: 0px 0px 0px 0px;\"><div class=\"fusion-text fusion-text-1\"><h2>PARTNERID<\/h2>\n<\/div><div class=\"fusion-sep-clear\"><\/div><div class=\"fusion-separator fusion-clearfix\" style=\"float:left;margin-top:0px;margin-bottom:0px;width:100%;max-width:170px;\"><div class=\"fusion-separator-border sep-single sep-solid\" style=\"border-color:#e2e3e8;border-top-width:3px;\"><\/div><\/div><div class=\"fusion-sep-clear\"><\/div><div class=\"fusion-clearfix\"><\/div><\/div><\/div><\/div><\/div><div class=\"fusion-bg-parallax\" data-bg-align=\"left top\" data-direction=\"left\" data-mute=\"false\" data-opacity=\"100\" data-velocity=\"-0.7\" data-mobile-enabled=\"false\" data-break_parents=\"0\" data-bg-image=\"http:\/\/adventuretourism.eu\/et\/wp-content\/uploads\/2015\/02\/13.jpg\" data-bg-repeat=\"false\" ><\/div><div class=\"fusion-fullwidth fullwidth-box fusion-builder-row-2 fusion-parallax-left nonhundred-percent-fullwidth non-hundred-percent-height-scrolling\" style=\"background-color: rgba(255,255,255,0);background-image: url(&quot;http:\/\/adventuretourism.eu\/et\/wp-content\/uploads\/2015\/02\/13.jpg&quot;);background-position: left top;background-repeat: no-repeat;padding-top:130px;padding-right:0px;padding-bottom:120px;padding-left:0px;margin-bottom: 0px;margin-top: 0px;border-width: 0px 0px 0px 0px;border-color:#eae9e9;border-style:solid;-webkit-background-size:cover;-moz-background-size:cover;-o-background-size:cover;background-size:cover;\" ><div class=\"fusion-builder-row fusion-row\"><div class=\"fusion-layout-column fusion_builder_column fusion-builder-column-1 fusion_builder_column_1_2 1_2 fusion-one-half fusion-column-first fusion-column-inner-bg-wrapper\" style=\"width:48%; margin-right: 4%;margin-top:0px;margin-bottom:20px;\"><div class=\"fusion-column-wrapper fusion-flex-column-wrapper-legacy\" style=\"padding: 20px 20px 20px 20px;\"><div class=\"fusion-text fusion-text-2\"><h2><span style=\"color: #ffffff;\"><a style=\"color: #ffffff;\" href=\"http:\/\/www.uhi.ac.uk\" target=\"_blank\" rel=\"noopener\">The University of the Highlands (<strong>\u00dchendkuningriigid<\/strong>)<\/a><\/span><\/h2>\n<p><span style=\"color: #ffffff;\">on \u00fcks juhtivaid integreeritud \u00fclikool, mis h\u00f5lmab nii t\u00e4iendkoolitust kui k\u00f5rgharidust. \u0160otimaa m\u00e4gismaal ja saartel asuva 13 iseseisva kolledzi ja uurimisinstituudi, sh 40 000 t\u00e4iend\u00f5ppija ja \u00fcli\u00f5pilasega, omavaheline partnerlus on juurdunud kohaliku tasandi kogukondades, ning on samas riikliku ja rahvusvahelise haardega. AVIP keskendub \u00fchele 13-st eelnimetatud kolled\u017eist ja uurimiskeskusest: West Highland College. Kolled\u017e on tegelenud laia valiku seiklusturismi teadmiste vahetamise ja n\u00f5ustamise projektidega nii Suurbritannias kui ka v\u00e4lismaal. Kolledz on ellu \u00e4ratanud ja iga-aastaselt ka kaasa aidanud seiklusturismi konverentsi korraldamisele, ning teeb akadeemilist koost\u00f6\u00f6d \u00fclikoolidega \u00fcle kogu maailma<strong>.<\/strong><\/span><\/p>\n<\/div><div class=\"fusion-sep-clear\"><\/div><div class=\"fusion-separator fusion-full-width-sep\" style=\"margin-left: auto;margin-right: auto;margin-top:20px;width:100%;\"><\/div><div class=\"fusion-sep-clear\"><\/div><div class=\"fusion-clearfix\"><\/div><\/div><span class=\"fusion-column-inner-bg hover-type-none\"><a href=\"http:\/\/www.uhi.ac.uk\" rel=\"noopener noreferrer\" target=\"_blank\"><span class=\"fusion-column-inner-bg-image\" style=\"background-color:rgba(0,0,0,0.4);background-position:left top;background-repeat:no-repeat;-webkit-background-size:cover;-moz-background-size:cover;-o-background-size:cover;background-size:cover;\"><\/span><\/a><\/span><\/div><div class=\"fusion-layout-column fusion_builder_column fusion-builder-column-2 fusion_builder_column_1_2 1_2 fusion-one-half fusion-column-last\" style=\"width:48%;margin-top:0px;margin-bottom:20px;\"><div class=\"fusion-column-wrapper fusion-flex-column-wrapper-legacy\" style=\"background-position:left top;background-repeat:no-repeat;-webkit-background-size:cover;-moz-background-size:cover;-o-background-size:cover;background-size:cover;padding: 0px 0px 0px 0px;\"><div class=\"fusion-clearfix\"><\/div><\/div><\/div><\/div><\/div><div class=\"fusion-bg-parallax\" data-bg-align=\"left top\" data-direction=\"right\" data-mute=\"false\" data-opacity=\"100\" data-velocity=\"-0.7\" data-mobile-enabled=\"false\" data-break_parents=\"0\" data-bg-image=\"http:\/\/adventuretourism.eu\/et\/wp-content\/uploads\/2015\/02\/14.jpg\" data-bg-repeat=\"false\" ><\/div><div class=\"fusion-fullwidth fullwidth-box fusion-builder-row-3 fusion-parallax-right nonhundred-percent-fullwidth non-hundred-percent-height-scrolling\" style=\"background-color: rgba(255,255,255,0);background-image: url(&quot;http:\/\/adventuretourism.eu\/et\/wp-content\/uploads\/2015\/02\/14.jpg&quot;);background-position: left top;background-repeat: no-repeat;padding-top:130px;padding-right:0px;padding-bottom:120px;padding-left:0px;margin-bottom: 0px;margin-top: 0px;border-width: 0px 0px 0px 0px;border-color:#eae9e9;border-style:solid;-webkit-background-size:cover;-moz-background-size:cover;-o-background-size:cover;background-size:cover;\" ><div class=\"fusion-builder-row fusion-row\"><div class=\"fusion-layout-column fusion_builder_column fusion-builder-column-3 fusion_builder_column_1_2 1_2 fusion-one-half fusion-column-first fusion-column-inner-bg-wrapper\" style=\"width:48%; margin-right: 4%;margin-top:0px;margin-bottom:20px;\"><div class=\"fusion-column-wrapper fusion-flex-column-wrapper-legacy\" style=\"padding: 20px 20px 20px 20px;\"><div class=\"fusion-text fusion-text-3\"><h2><span style=\"color: #ffffff;\"><a style=\"color: #ffffff;\" href=\"http:\/\/www.tlu.ee\" target=\"_blank\" rel=\"noopener\"><strong>Tallinna \u00dclikoolil<\/strong> (Eesti)<\/a><\/span><\/h2>\n<p><span style=\"color: #ffffff;\">on juhtiv roll \u201cintelligentse elustiili\u201d edendamisel ja arendamisel Eestis, toetades seega nii Eesti j\u00e4tkusuutlikkust kui ka \u00fcksikisikute eneseaktiivsust ja -teostust. Soovides panustada rohkem \u00fchiskonda, t\u00f5lgendavad nad intelligentset eluviisi kui teadust\u00f6\u00f6p\u00f5histe otsuste tegemist, et parandada \u00fchiskonda \u00fcldiselt ja selle kodanike heaolu. Arendades Eestis teadust\u00f6\u00f6d Eestis \u00fcldisema arengu suunitlusega, integreerub \u00fclikool Euroopa haridus- ja teadusringkondadesse, mille eesm\u00e4rk on arendada Eestit aruka majanduse ja aruka \u00fchiskonna organisatsioonina.<\/span><\/p>\n<\/div><div class=\"fusion-sep-clear\"><\/div><div class=\"fusion-separator fusion-full-width-sep\" style=\"margin-left: auto;margin-right: auto;margin-top:20px;width:100%;\"><\/div><div class=\"fusion-sep-clear\"><\/div><div class=\"fusion-clearfix\"><\/div><\/div><span class=\"fusion-column-inner-bg hover-type-none\"><a href=\"http:\/\/www.tlu.ee\" rel=\"noopener noreferrer\" target=\"_blank\"><span class=\"fusion-column-inner-bg-image\" style=\"background-color:rgba(0,0,0,0.4);background-position:left top;background-repeat:no-repeat;-webkit-background-size:cover;-moz-background-size:cover;-o-background-size:cover;background-size:cover;\"><\/span><\/a><\/span><\/div><div class=\"fusion-layout-column fusion_builder_column fusion-builder-column-4 fusion_builder_column_1_2 1_2 fusion-one-half fusion-column-last\" style=\"width:48%;margin-top:0px;margin-bottom:20px;\"><div class=\"fusion-column-wrapper fusion-flex-column-wrapper-legacy\" style=\"background-position:left top;background-repeat:no-repeat;-webkit-background-size:cover;-moz-background-size:cover;-o-background-size:cover;background-size:cover;padding: 0px 0px 0px 0px;\"><div class=\"fusion-clearfix\"><\/div><\/div><\/div><\/div><\/div><div class=\"fusion-bg-parallax\" data-bg-align=\"left top\" data-direction=\"left\" data-mute=\"false\" data-opacity=\"100\" data-velocity=\"-0.7\" data-mobile-enabled=\"false\" data-break_parents=\"0\" data-bg-image=\"http:\/\/adventuretourism.eu\/et\/wp-content\/uploads\/2015\/02\/15.jpg\" data-bg-repeat=\"false\" ><\/div><div class=\"fusion-fullwidth fullwidth-box fusion-builder-row-4 fusion-parallax-left nonhundred-percent-fullwidth non-hundred-percent-height-scrolling\" style=\"background-color: rgba(255,255,255,0);background-image: url(&quot;http:\/\/adventuretourism.eu\/et\/wp-content\/uploads\/2015\/02\/15.jpg&quot;);background-position: left top;background-repeat: no-repeat;padding-top:130px;padding-right:0px;padding-bottom:120px;padding-left:0px;margin-bottom: 0px;margin-top: 0px;border-width: 0px 0px 0px 0px;border-color:#eae9e9;border-style:solid;-webkit-background-size:cover;-moz-background-size:cover;-o-background-size:cover;background-size:cover;\" ><div class=\"fusion-builder-row fusion-row\"><div class=\"fusion-layout-column fusion_builder_column fusion-builder-column-5 fusion_builder_column_1_2 1_2 fusion-one-half fusion-column-first fusion-column-inner-bg-wrapper\" style=\"width:48%; margin-right: 4%;margin-top:0px;margin-bottom:20px;\"><div class=\"fusion-column-wrapper fusion-flex-column-wrapper-legacy\" style=\"padding: 20px 20px 20px 20px;\"><div class=\"fusion-text fusion-text-4\"><h2><span style=\"color: #ffffff;\"><a style=\"color: #ffffff;\" href=\"http:\/\/www.vct-bg.org\" target=\"_blank\" rel=\"noopener\"><strong>Varna Chamber of Tourism<\/strong> <strong>(Bulgaaria)<\/strong><\/a><\/span><\/h2>\n<p><span style=\"color: #ffffff;\">on piirkondlik turismiorganisatsioon, millel on \u00fcle 100 liikme kogu piirkonna turismisektorist, sealhulgas turismiteenuste pakkujad, k\u00fclalist\u00f6\u00f6stuse ettev\u00f5tted ja omanikud, reisib\u00fcrood, valitsusv\u00e4lised organisatsioonid, haridusasutused, reklaamiagentuurid, kindlustusettev\u00f5tted ja \u00fcksikisikud. Organisatsiooni loosung on selge: &#8220;\u00dcheskoos suudame saavutada seda, mida me ei saa eraldi teha!&#8221;<\/span><\/p>\n<\/div><div class=\"fusion-sep-clear\"><\/div><div class=\"fusion-separator fusion-full-width-sep\" style=\"margin-left: auto;margin-right: auto;margin-top:20px;width:100%;\"><\/div><div class=\"fusion-sep-clear\"><\/div><div class=\"fusion-clearfix\"><\/div><\/div><span class=\"fusion-column-inner-bg hover-type-none\"><a href=\"http:\/\/www.vct-bg.org\" rel=\"noopener noreferrer\" target=\"_blank\"><span class=\"fusion-column-inner-bg-image\" style=\"background-color:rgba(0,0,0,0.4);background-position:left top;background-repeat:no-repeat;-webkit-background-size:cover;-moz-background-size:cover;-o-background-size:cover;background-size:cover;\"><\/span><\/a><\/span><\/div><div class=\"fusion-layout-column fusion_builder_column fusion-builder-column-6 fusion_builder_column_1_2 1_2 fusion-one-half fusion-column-last\" style=\"width:48%;margin-top:0px;margin-bottom:20px;\"><div class=\"fusion-column-wrapper fusion-flex-column-wrapper-legacy\" style=\"background-position:left top;background-repeat:no-repeat;-webkit-background-size:cover;-moz-background-size:cover;-o-background-size:cover;background-size:cover;padding: 0px 0px 0px 0px;\"><div class=\"fusion-clearfix\"><\/div><\/div><\/div><\/div><\/div><div class=\"fusion-bg-parallax\" data-bg-align=\"left top\" data-direction=\"right\" data-mute=\"false\" data-opacity=\"100\" data-velocity=\"-0.7\" data-mobile-enabled=\"false\" data-break_parents=\"0\" data-bg-image=\"http:\/\/adventuretourism.eu\/et\/wp-content\/uploads\/2015\/02\/16.jpg\" data-bg-repeat=\"false\" ><\/div><div class=\"fusion-fullwidth fullwidth-box fusion-builder-row-5 fusion-parallax-right nonhundred-percent-fullwidth non-hundred-percent-height-scrolling\" style=\"background-color: rgba(255,255,255,0);background-image: url(&quot;http:\/\/adventuretourism.eu\/et\/wp-content\/uploads\/2015\/02\/16.jpg&quot;);background-position: left top;background-repeat: no-repeat;padding-top:130px;padding-right:0px;padding-bottom:120px;padding-left:0px;margin-bottom: 0px;margin-top: 0px;border-width: 0px 0px 0px 0px;border-color:#eae9e9;border-style:solid;-webkit-background-size:cover;-moz-background-size:cover;-o-background-size:cover;background-size:cover;\" ><div class=\"fusion-builder-row fusion-row\"><div class=\"fusion-layout-column fusion_builder_column fusion-builder-column-7 fusion_builder_column_1_2 1_2 fusion-one-half fusion-column-first fusion-column-inner-bg-wrapper\" style=\"width:48%; margin-right: 4%;margin-top:0px;margin-bottom:20px;\"><div class=\"fusion-column-wrapper fusion-flex-column-wrapper-legacy\" style=\"padding: 20px 20px 20px 20px;\"><div class=\"fusion-text fusion-text-5\"><h2><span style=\"color: #ffffff;\"><a style=\"color: #ffffff;\" href=\"http:\/\/www.momentummarketing.ie\" target=\"_blank\" rel=\"noopener\">Momentum (<strong>Iirimaa<\/strong>)<\/a><\/span><\/h2>\n<p><span style=\"color: #ffffff;\">on kutsehariduse ja -koolituse asutus, mis keskendub progressivsete turismimajandusalaste \u00f5ppekavade ja platvormide v\u00e4ljat\u00f6\u00f6tamisele ja arendamisele. Nad kombineerivad oskuslikult vastutustundliku turismimaastiku alased teadmised oma kutsehariduse ja -koolituse erialadega, mis on seotud turismiettev\u00f5tluse, maamajanduse taaselustamise, kogukonna ettev\u00f5tlikkuse stimuleerimisega. K\u00f5nealused programmid h\u00f5lmavad uusi l\u00e4henemisviise turundusele, innovatsioonile, rahvusvahelistumisele, konkurentsiv\u00f5imele ja ettev\u00f5tluse parandamisele.<\/span><\/p>\n<\/div><div class=\"fusion-sep-clear\"><\/div><div class=\"fusion-separator fusion-full-width-sep\" style=\"margin-left: auto;margin-right: auto;margin-top:20px;width:100%;\"><\/div><div class=\"fusion-sep-clear\"><\/div><div class=\"fusion-clearfix\"><\/div><\/div><span class=\"fusion-column-inner-bg hover-type-none\"><a href=\"http:\/\/www.momentumconsulting.ie\/\" rel=\"noopener noreferrer\" target=\"_blank\"><span class=\"fusion-column-inner-bg-image\" style=\"background-color:rgba(0,0,0,0.4);background-position:left top;background-repeat:no-repeat;-webkit-background-size:cover;-moz-background-size:cover;-o-background-size:cover;background-size:cover;\"><\/span><\/a><\/span><\/div><div class=\"fusion-layout-column fusion_builder_column fusion-builder-column-8 fusion_builder_column_1_2 1_2 fusion-one-half fusion-column-last\" style=\"width:48%;margin-top:0px;margin-bottom:20px;\"><div class=\"fusion-column-wrapper fusion-flex-column-wrapper-legacy\" style=\"background-position:left top;background-repeat:no-repeat;-webkit-background-size:cover;-moz-background-size:cover;-o-background-size:cover;background-size:cover;padding: 0px 0px 0px 0px;\"><div class=\"fusion-clearfix\"><\/div><\/div><\/div><\/div><\/div><div class=\"fusion-bg-parallax\" data-bg-align=\"left top\" data-direction=\"left\" data-mute=\"false\" data-opacity=\"100\" data-velocity=\"-0.7\" data-mobile-enabled=\"false\" data-break_parents=\"0\" data-bg-image=\"http:\/\/adventuretourism.eu\/et\/wp-content\/uploads\/2015\/02\/17.jpg\" data-bg-repeat=\"false\" ><\/div><div class=\"fusion-fullwidth fullwidth-box fusion-builder-row-6 fusion-parallax-left nonhundred-percent-fullwidth non-hundred-percent-height-scrolling\" style=\"background-color: rgba(255,255,255,0);background-image: url(&quot;http:\/\/adventuretourism.eu\/et\/wp-content\/uploads\/2015\/02\/17.jpg&quot;);background-position: left top;background-repeat: no-repeat;padding-top:130px;padding-right:0px;padding-bottom:120px;padding-left:0px;margin-bottom: 0px;margin-top: 0px;border-width: 0px 0px 0px 0px;border-color:#eae9e9;border-style:solid;-webkit-background-size:cover;-moz-background-size:cover;-o-background-size:cover;background-size:cover;\" ><div class=\"fusion-builder-row fusion-row\"><div class=\"fusion-layout-column fusion_builder_column fusion-builder-column-9 fusion_builder_column_1_2 1_2 fusion-one-half fusion-column-first fusion-column-inner-bg-wrapper\" style=\"width:48%; margin-right: 4%;margin-top:0px;margin-bottom:20px;\"><div class=\"fusion-column-wrapper fusion-flex-column-wrapper-legacy\" style=\"padding: 20px 20px 20px 20px;\"><div class=\"fusion-text fusion-text-6\"><h2><span style=\"color: #ffffff;\"><a style=\"color: #ffffff;\" href=\"http:\/\/www.lochaberchamber.co.uk\" target=\"_blank\" rel=\"noopener\"><strong>Lochaber Chamber of Commerce (\u00dchendkuningriigid) <\/strong><\/a><\/span><\/h2>\n<p><span style=\"color: #ffffff;\">on mittetulunduslik ettev\u00f5tete \u00fchendus, mille peamine prioriteet on piirkonna majandusareng. Lochaberi kaubanduskoda on tunnustatud \u0160otimaal kui Lochaberi turismisihtkoha arendamist eestvedav organisatsioon (DMO) ning teeb tihedat koost\u00f6\u00f6d Highlands &amp; Islands Enterprise\u2019i ja Visit Scotland\u2019iga, turismiettev\u00f5tluse arendamise ja piirkonna turustamise valdkonnas. Lochaberi kaubanduskoja p\u00f5hiprioriteedid on \u00e4risuhete loomine kauplemisv\u00f5imaluste loomiseks, koolitusvajaduse ja kutseoskuste \u00fchendamine ettev\u00f5tete vajadustega, Lochaberi piirkonna kui suurep\u00e4rase elu-, t\u00f6\u00f6-, \u00f5ppe- ja k\u00fclastuskeskkonna edendamine, kus oleks soodsad v\u00f5imalused koost\u00f6\u00f6ks, et arendada v\u00e4lja \u00f5ige j\u00e4tkusuutlikkus infrastruktuur.<\/span><\/p>\n<\/div><div class=\"fusion-sep-clear\"><\/div><div class=\"fusion-separator fusion-full-width-sep\" style=\"margin-left: auto;margin-right: auto;margin-top:20px;width:100%;\"><\/div><div class=\"fusion-sep-clear\"><\/div><div class=\"fusion-clearfix\"><\/div><\/div><span class=\"fusion-column-inner-bg hover-type-none\"><a href=\"http:\/\/www.lochaberchamber.co.uk\" rel=\"noopener noreferrer\" target=\"_blank\"><span class=\"fusion-column-inner-bg-image\" style=\"background-color:rgba(0,0,0,0.4);background-position:left top;background-repeat:no-repeat;-webkit-background-size:cover;-moz-background-size:cover;-o-background-size:cover;background-size:cover;\"><\/span><\/a><\/span><\/div><div class=\"fusion-layout-column fusion_builder_column fusion-builder-column-10 fusion_builder_column_1_2 1_2 fusion-one-half fusion-column-last\" style=\"width:48%;margin-top:0px;margin-bottom:20px;\"><div class=\"fusion-column-wrapper fusion-flex-column-wrapper-legacy\" style=\"background-position:left top;background-repeat:no-repeat;-webkit-background-size:cover;-moz-background-size:cover;-o-background-size:cover;background-size:cover;padding: 0px 0px 0px 0px;\"><div class=\"fusion-clearfix\"><\/div><\/div><\/div><\/div><\/div><div class=\"fusion-bg-parallax\" data-bg-align=\"left top\" data-direction=\"right\" data-mute=\"false\" data-opacity=\"100\" data-velocity=\"-0.7\" data-mobile-enabled=\"false\" data-break_parents=\"0\" data-bg-image=\"http:\/\/adventuretourism.eu\/et\/wp-content\/uploads\/2015\/02\/18.jpg\" data-bg-repeat=\"false\" ><\/div><div class=\"fusion-fullwidth fullwidth-box fusion-builder-row-7 fusion-parallax-right nonhundred-percent-fullwidth non-hundred-percent-height-scrolling\" style=\"background-color: rgba(255,255,255,0);background-image: url(&quot;http:\/\/adventuretourism.eu\/et\/wp-content\/uploads\/2015\/02\/18.jpg&quot;);background-position: left top;background-repeat: no-repeat;padding-top:130px;padding-right:0px;padding-bottom:120px;padding-left:0px;margin-bottom: 0px;margin-top: 0px;border-width: 0px 0px 0px 0px;border-color:#eae9e9;border-style:solid;-webkit-background-size:cover;-moz-background-size:cover;-o-background-size:cover;background-size:cover;\" ><div class=\"fusion-builder-row fusion-row\"><div class=\"fusion-layout-column fusion_builder_column fusion-builder-column-11 fusion_builder_column_1_2 1_2 fusion-one-half fusion-column-first fusion-column-inner-bg-wrapper\" style=\"width:48%; margin-right: 4%;margin-top:0px;margin-bottom:20px;\"><div class=\"fusion-column-wrapper fusion-flex-column-wrapper-legacy\" style=\"padding: 20px 20px 20px 20px;\"><div class=\"fusion-text fusion-text-7\"><h2><span style=\"color: #ffffff;\"><a style=\"color: #ffffff;\" href=\"http:\/\/euei.dk\" target=\"_blank\" rel=\"noopener\"><strong>European E-learning Institute (EUEI, Taani)<\/strong><\/a><\/span><\/h2>\n<p><span style=\"color: #ffffff;\">spetsialiseerub t\u00f5husate veebip\u00f5histe platvormide loomisele, \u00fcmbritsevatele hariduskeskkondadele ning v\u00e4\u00e4rtuslikke \u00f5pikogemusi loovate ressursside ja vahendite pakkumisele. EUEI asutati \u201ct\u00e4iend\u00f5ppe\u201d konseptsiooni silmas pidades, keskharidusj\u00e4rgne haridusprogramm, mis pakub edasi \u00f5ppimisv\u00f5imalusi paljudes valdkondades, h\u00f5lmates nii professionaalseid ja \/ v\u00f5i isiklikke arenguteemasid. Organisatsioonina r\u00f5hutab EUEI t\u00e4iend\u00f5ppe informaalse ja paindliku sisu v\u00e4\u00e4rtust ning paindlike veebikoolituskursuste loomist neile, kes soovivad ennast t\u00e4iustada ja oma karj\u00e4\u00e4ri ja \u00e4ritegevusega j\u00e4tkata. Organisatsiooni peamine eesm\u00e4rk on ka kaasavate ja j\u00e4tkusuutlike kogukondade kujundamine ja toetamine.<\/span><\/p>\n<\/div><div class=\"fusion-sep-clear\"><\/div><div class=\"fusion-separator fusion-full-width-sep\" style=\"margin-left: auto;margin-right: auto;margin-top:20px;width:100%;\"><\/div><div class=\"fusion-sep-clear\"><\/div><div class=\"fusion-clearfix\"><\/div><\/div><span class=\"fusion-column-inner-bg hover-type-none\"><a href=\"http:\/\/euei.dk\" rel=\"noopener noreferrer\" target=\"_blank\"><span class=\"fusion-column-inner-bg-image\" style=\"background-color:rgba(0,0,0,0.4);background-position:left top;background-repeat:no-repeat;-webkit-background-size:cover;-moz-background-size:cover;-o-background-size:cover;background-size:cover;\"><\/span><\/a><\/span><\/div><div class=\"fusion-layout-column fusion_builder_column fusion-builder-column-12 fusion_builder_column_1_2 1_2 fusion-one-half fusion-column-last\" style=\"width:48%;margin-top:0px;margin-bottom:20px;\"><div class=\"fusion-column-wrapper fusion-flex-column-wrapper-legacy\" style=\"background-position:left top;background-repeat:no-repeat;-webkit-background-size:cover;-moz-background-size:cover;-o-background-size:cover;background-size:cover;padding: 0px 0px 0px 0px;\"><div class=\"fusion-clearfix\"><\/div><\/div><\/div><\/div><\/div>\n","protected":false},"excerpt":{"rendered":"PARTNERID The University of the Highlands (\u00dchendkuningriigid) on \u00fcks juhtivaid integreeritud \u00fclikool, mis h\u00f5lmab nii t\u00e4iendkoolitust kui k\u00f5rgharidust. \u0160otimaa m\u00e4gismaal ja saartel asuva 13 iseseisva kolledzi ja uurimisinstituudi, sh 40 000 t\u00e4iend\u00f5ppija ja \u00fcli\u00f5pilasega, omavaheline partnerlus on juurdunud kohaliku tasandi kogukondades, ning on samas riikliku ja rahvusvahelise haardega. AVIP keskendub \u00fchele 13-st eelnimetatud kolled\u017eist ja [...]","protected":false},"author":1,"featured_media":0,"parent":0,"menu_order":0,"comment_status":"closed","ping_status":"open","template":"100-width.php","meta":[],"acf":[],"_links":{"self":[{"href":"https:\/\/adventuretourism.eu\/et\/wp-json\/wp\/v2\/pages\/11"}],"collection":[{"href":"https:\/\/adventuretourism.eu\/et\/wp-json\/wp\/v2\/pages"}],"about":[{"href":"https:\/\/adventuretourism.eu\/et\/wp-json\/wp\/v2\/types\/page"}],"author":[{"embeddable":true,"href":"https:\/\/adventuretourism.eu\/et\/wp-json\/wp\/v2\/users\/1"}],"replies":[{"embeddable":true,"href":"https:\/\/adventuretourism.eu\/et\/wp-json\/wp\/v2\/comments?post=11"}],"version-history":[{"count":22,"href":"https:\/\/adventuretourism.eu\/et\/wp-json\/wp\/v2\/pages\/11\/revisions"}],"predecessor-version":[{"id":11784,"href":"https:\/\/adventuretourism.eu\/et\/wp-json\/wp\/v2\/pages\/11\/revisions\/11784"}],"wp:attachment":[{"href":"https:\/\/adventuretourism.eu\/et\/wp-json\/wp\/v2\/media?parent=11"}],"curies":[{"name":"wp","href":"https:\/\/api.w.org\/{rel}","templated":true}]}}